{"id":253,"date":"2022-10-31T17:04:48","date_gmt":"2022-10-31T17:04:48","guid":{"rendered":"https:\/\/tanjaleben.com\/?page_id=253"},"modified":"2024-04-28T17:42:28","modified_gmt":"2024-04-28T17:42:28","slug":"rada-privetstvovat-vas","status":"publish","type":"page","link":"https:\/\/tanjaleben.com\/de\/","title":{"rendered":"Ich freue mich, Sie begr\u00fc\u00dfen zu d\u00fcrfen!"},"content":{"rendered":"\n<p>Wussten Sie, dass ein Mensch zwei Leben hat?<br>Der zweite beginnt, wenn dir klar wird, dass du nur ein Leben hast.<br>Dieses Verst\u00e4ndnis entsteht am h\u00e4ufigsten in Momenten verschiedener Krisen und scharfer Wendungen im Leben.<br>Es stellt sich heraus, dass es mit bestimmten F\u00e4higkeiten m\u00f6glich ist, nicht in einen Graben zu fliegen, sondern sanft zu wenden.<br>Meine T\u00e4tigkeit zielt darauf ab, Sie durch die Wendungen des Lebens zu begleiten, Sie zu inspirieren und Sie in dieses einzigartige Leben zu verf\u00fchren, das mit der L\u00f6sung der Geheimnisse des Universums, einer aufregenden Reise oder einem Hauch frischer Luft verglichen werden kann.<br>Wovon rede ich? Wie verstehen Sie, wie voller Leben Sie leben?<br>Ich lade Sie zu Beratungsgespr\u00e4chen zu Lebensthemen ein<\/p>\n","protected":false},"excerpt":{"rendered":"<p>Wussten Sie, dass ein Mensch zwei Leben hat?Der zweite beginnt, wenn dir klar wird, dass du nur ein Leben hast.Dieses Verst\u00e4ndnis entsteht am h\u00e4ufigsten in Momenten verschiedener Krisen und scharfer &hellip; <\/p>\n","protected":false},"author":1,"featured_media":0,"parent":0,"menu_order":0,"comment_status":"closed","ping_status":"closed","template":"","meta":{"footnotes":""},"class_list":["post-253","page","type-page","status-publish","hentry","has-meta has-sticky-meta"],"yoast_head":"<!-- This site is optimized with the Yoast SEO plugin v25.4 - https:\/\/yoast.com\/wordpress\/plugins\/seo\/ -->\n<title>Ich freue mich, Sie begr\u00fc\u00dfen zu d\u00fcrfen! - Lebensberatung<\/title>\n<meta name=\"robots\" content=\"index, follow, max-snippet:-1, max-image-preview:large, max-video-preview:-1\" \/>\n<link rel=\"canonical\" href=\"https:\/\/tanjaleben.com\/de\/\" \/>\n<meta property=\"og:locale\" content=\"de_DE\" \/>\n<meta property=\"og:locale:alternate\" content=\"uk_UA\" \/>\n<meta property=\"og:locale:alternate\" content=\"en_US\" \/>\n<meta property=\"og:locale:alternate\" content=\"ru_RU\" \/>\n<meta property=\"og:type\" content=\"article\" \/>\n<meta property=\"og:title\" content=\"Ich freue mich, Sie begr\u00fc\u00dfen zu d\u00fcrfen!\" \/>\n<meta property=\"og:description\" content=\"Wussten Sie, dass ein Mensch zwei Leben hat?Der zweite beginnt, wenn dir klar wird, dass du nur ein Leben hast.Dieses Verst\u00e4ndnis entsteht am h\u00e4ufigsten in Momenten verschiedener Krisen und scharfer &hellip;\" \/>\n<meta property=\"og:url\" content=\"https:\/\/tanjaleben.com\/de\/\" \/>\n<meta property=\"og:site_name\" content=\"Lebensberatung\" \/>\n<meta property=\"article:modified_time\" content=\"2024-04-28T17:42:28+00:00\" \/>\n<meta property=\"og:image\" content=\"https:\/\/tanjaleben.com\/wp-content\/uploads\/2022\/10\/tanjawill-769x1024.jpg\" \/>\n<meta name=\"twitter:card\" content=\"summary_large_image\" \/>\n<meta name=\"twitter:label1\" content=\"Gesch\u00e4tzte Lesezeit\" \/>\n\t<meta name=\"twitter:data1\" content=\"1\u00a0Minute\" \/>\n<script type=\"application\/ld+json\" class=\"yoast-schema-graph\">{\"@context\":\"https:\/\/schema.org\",\"@graph\":[{\"@type\":\"WebPage\",\"@id\":\"https:\/\/tanjaleben.com\/de\/\",\"url\":\"https:\/\/tanjaleben.com\/de\/\",\"name\":\"Ich freue mich, Sie begr\u00fc\u00dfen zu d\u00fcrfen!\",\"isPartOf\":{\"@id\":\"https:\/\/tanjaleben.com\/#website\"},\"primaryImageOfPage\":{\"@id\":\"https:\/\/tanjaleben.com\/de\/#primaryimage\"},\"image\":{\"@id\":\"https:\/\/tanjaleben.com\/de\/#primaryimage\"},\"thumbnailUrl\":\"https:\/\/tanjaleben.com\/wp-content\/uploads\/2022\/10\/tanjawill-769x1024.jpg\",\"datePublished\":\"2022-10-31T17:04:48+00:00\",\"dateModified\":\"2024-04-28T17:42:28+00:00\",\"breadcrumb\":{\"@id\":\"https:\/\/tanjaleben.com\/de\/#breadcrumb\"},\"inLanguage\":\"de-DE\",\"potentialAction\":[{\"@type\":\"ReadAction\",\"target\":[\"https:\/\/tanjaleben.com\/de\/\"]}]},{\"@type\":\"ImageObject\",\"inLanguage\":\"de-DE\",\"@id\":\"https:\/\/tanjaleben.com\/de\/#primaryimage\",\"url\":\"https:\/\/tanjaleben.com\/wp-content\/uploads\/2022\/10\/tanjawill-769x1024.jpg\",\"contentUrl\":\"https:\/\/tanjaleben.com\/wp-content\/uploads\/2022\/10\/tanjawill-769x1024.jpg\"},{\"@type\":\"BreadcrumbList\",\"@id\":\"https:\/\/tanjaleben.com\/de\/#breadcrumb\",\"itemListElement\":[{\"@type\":\"ListItem\",\"position\":1,\"name\":\"\u0413\u043b\u0430\u0432\u043d\u0430\u044f \u0441\u0442\u0440\u0430\u043d\u0438\u0446\u0430\",\"item\":\"https:\/\/tanjaleben.com\/de\/\"},{\"@type\":\"ListItem\",\"position\":2,\"name\":\"Ich freue mich, Sie begr\u00fc\u00dfen zu d\u00fcrfen!\"}]},{\"@type\":\"WebSite\",\"@id\":\"https:\/\/tanjaleben.com\/#website\",\"url\":\"https:\/\/tanjaleben.com\/\",\"name\":\"Lebensberatung\",\"description\":\"Besser werden!\",\"publisher\":{\"@id\":\"https:\/\/tanjaleben.com\/#organization\"},\"potentialAction\":[{\"@type\":\"SearchAction\",\"target\":{\"@type\":\"EntryPoint\",\"urlTemplate\":\"https:\/\/tanjaleben.com\/?s={search_term_string}\"},\"query-input\":{\"@type\":\"PropertyValueSpecification\",\"valueRequired\":true,\"valueName\":\"search_term_string\"}}],\"inLanguage\":\"de-DE\"},{\"@type\":\"Organization\",\"@id\":\"https:\/\/tanjaleben.com\/#organization\",\"name\":\"Lebensberatung\",\"url\":\"https:\/\/tanjaleben.com\/\",\"logo\":{\"@type\":\"ImageObject\",\"inLanguage\":\"de-DE\",\"@id\":\"https:\/\/tanjaleben.com\/#\/schema\/logo\/image\/\",\"url\":\"https:\/\/tanjaleben.com\/wp-content\/uploads\/2024\/05\/logo1.jpg\",\"contentUrl\":\"https:\/\/tanjaleben.com\/wp-content\/uploads\/2024\/05\/logo1.jpg\",\"width\":136,\"height\":141,\"caption\":\"Lebensberatung\"},\"image\":{\"@id\":\"https:\/\/tanjaleben.com\/#\/schema\/logo\/image\/\"}}]}<\/script>\n<!-- \/ Yoast SEO plugin. -->","yoast_head_json":{"title":"Ich freue mich, Sie begr\u00fc\u00dfen zu d\u00fcrfen! - Lebensberatung","robots":{"index":"index","follow":"follow","max-snippet":"max-snippet:-1","max-image-preview":"max-image-preview:large","max-video-preview":"max-video-preview:-1"},"canonical":"https:\/\/tanjaleben.com\/de\/","og_locale":"de_DE","og_type":"article","og_title":"[:ru]\u0420\u0430\u0434\u0430 \u043f\u0440\u0438\u0432\u0435\u0442\u0441\u0442\u0432\u043e\u0432\u0430\u0442\u044c \u0412\u0430\u0441![:de]Ich freue mich, Sie begr\u00fc\u00dfen zu d\u00fcrfen![:] - Lebensberatung","og_description":"Wussten Sie, dass ein Mensch zwei Leben hat?Der zweite beginnt, wenn dir klar wird, dass du nur ein Leben hast.Dieses Verst\u00e4ndnis entsteht am h\u00e4ufigsten in Momenten verschiedener Krisen und scharfer &hellip;","og_url":"https:\/\/tanjaleben.com\/de\/","og_site_name":"Lebensberatung","article_modified_time":"2024-04-28T17:42:28+00:00","og_image":[{"url":"https:\/\/tanjaleben.com\/wp-content\/uploads\/2022\/10\/tanjawill-769x1024.jpg","type":"","width":"","height":""}],"twitter_card":"summary_large_image","twitter_misc":{"Gesch\u00e4tzte Lesezeit":"1\u00a0Minute"},"schema":{"@context":"https:\/\/schema.org","@graph":[{"@type":"WebPage","@id":"https:\/\/tanjaleben.com\/de\/","url":"https:\/\/tanjaleben.com\/de\/","name":"Ich freue mich, Sie begr\u00fc\u00dfen zu d\u00fcrfen!","isPartOf":{"@id":"https:\/\/tanjaleben.com\/#website"},"primaryImageOfPage":{"@id":"https:\/\/tanjaleben.com\/de\/#primaryimage"},"image":{"@id":"https:\/\/tanjaleben.com\/de\/#primaryimage"},"thumbnailUrl":"https:\/\/tanjaleben.com\/wp-content\/uploads\/2022\/10\/tanjawill-769x1024.jpg","datePublished":"2022-10-31T17:04:48+00:00","dateModified":"2024-04-28T17:42:28+00:00","breadcrumb":{"@id":"https:\/\/tanjaleben.com\/de\/#breadcrumb"},"inLanguage":"de-DE","potentialAction":[{"@type":"ReadAction","target":["https:\/\/tanjaleben.com\/de\/"]}]},{"@type":"ImageObject","inLanguage":"de-DE","@id":"https:\/\/tanjaleben.com\/de\/#primaryimage","url":"https:\/\/tanjaleben.com\/wp-content\/uploads\/2022\/10\/tanjawill-769x1024.jpg","contentUrl":"https:\/\/tanjaleben.com\/wp-content\/uploads\/2022\/10\/tanjawill-769x1024.jpg"},{"@type":"BreadcrumbList","@id":"https:\/\/tanjaleben.com\/de\/#breadcrumb","itemListElement":[{"@type":"ListItem","position":1,"name":"\u0413\u043b\u0430\u0432\u043d\u0430\u044f \u0441\u0442\u0440\u0430\u043d\u0438\u0446\u0430","item":"https:\/\/tanjaleben.com\/de\/"},{"@type":"ListItem","position":2,"name":"Ich freue mich, Sie begr\u00fc\u00dfen zu d\u00fcrfen!"}]},{"@type":"WebSite","@id":"https:\/\/tanjaleben.com\/#website","url":"https:\/\/tanjaleben.com\/","name":"Lebensberatung","description":"Besser werden!","publisher":{"@id":"https:\/\/tanjaleben.com\/#organization"},"potentialAction":[{"@type":"SearchAction","target":{"@type":"EntryPoint","urlTemplate":"https:\/\/tanjaleben.com\/?s={search_term_string}"},"query-input":{"@type":"PropertyValueSpecification","valueRequired":true,"valueName":"search_term_string"}}],"inLanguage":"de-DE"},{"@type":"Organization","@id":"https:\/\/tanjaleben.com\/#organization","name":"Lebensberatung","url":"https:\/\/tanjaleben.com\/","logo":{"@type":"ImageObject","inLanguage":"de-DE","@id":"https:\/\/tanjaleben.com\/#\/schema\/logo\/image\/","url":"https:\/\/tanjaleben.com\/wp-content\/uploads\/2024\/05\/logo1.jpg","contentUrl":"https:\/\/tanjaleben.com\/wp-content\/uploads\/2024\/05\/logo1.jpg","width":136,"height":141,"caption":"Lebensberatung"},"image":{"@id":"https:\/\/tanjaleben.com\/#\/schema\/logo\/image\/"}}]}},"_links":{"self":[{"href":"https:\/\/tanjaleben.com\/de\/wp-json\/wp\/v2\/pages\/253","targetHints":{"allow":["GET"]}}],"collection":[{"href":"https:\/\/tanjaleben.com\/de\/wp-json\/wp\/v2\/pages"}],"about":[{"href":"https:\/\/tanjaleben.com\/de\/wp-json\/wp\/v2\/types\/page"}],"author":[{"embeddable":true,"href":"https:\/\/tanjaleben.com\/de\/wp-json\/wp\/v2\/users\/1"}],"replies":[{"embeddable":true,"href":"https:\/\/tanjaleben.com\/de\/wp-json\/wp\/v2\/comments?post=253"}],"version-history":[{"count":10,"href":"https:\/\/tanjaleben.com\/de\/wp-json\/wp\/v2\/pages\/253\/revisions"}],"predecessor-version":[{"id":322,"href":"https:\/\/tanjaleben.com\/de\/wp-json\/wp\/v2\/pages\/253\/revisions\/322"}],"wp:attachment":[{"href":"https:\/\/tanjaleben.com\/de\/wp-json\/wp\/v2\/media?parent=253"}],"curies":[{"name":"wp","href":"https:\/\/api.w.org\/{rel}","templated":true}]}}