{"id":402,"date":"2024-05-08T11:30:12","date_gmt":"2024-05-08T11:30:12","guid":{"rendered":"https:\/\/tanjaleben.com\/?page_id=402"},"modified":"2024-05-11T20:07:39","modified_gmt":"2024-05-11T20:07:39","slug":"posttravmaticheskoe-stressovoe-rasstrojstvo-ptsr","status":"publish","type":"page","link":"https:\/\/tanjaleben.com\/de\/posttravmaticheskoe-stressovoe-rasstrojstvo-ptsr\/","title":{"rendered":"\u041f\u043e\u0441\u0442\u0442\u0440\u0430\u0432\u043c\u0430\u0442\u0438\u0447\u0435\u0441\u043a\u043e\u0435 \u0441\u0442\u0440\u0435\u0441\u0441\u043e\u0432\u043e\u0435 \u0440\u0430\u0441\u0441\u0442\u0440\u043e\u0439\u0441\u0442\u0432\u043e (\u041f\u0422\u0421\u0420)"},"content":{"rendered":"\n<figure class=\"wp-block-image size-full\"><img loading=\"lazy\" decoding=\"async\" width=\"498\" height=\"280\" src=\"https:\/\/tanjaleben.com\/wp-content\/uploads\/2024\/05\/image.jpg\" alt=\"\" class=\"wp-image-403\" srcset=\"https:\/\/tanjaleben.com\/wp-content\/uploads\/2024\/05\/image.jpg 498w, https:\/\/tanjaleben.com\/wp-content\/uploads\/2024\/05\/image-300x169.jpg 300w\" sizes=\"auto, (max-width: 498px) 100vw, 498px\" \/><\/figure>\n\n\n\n<h2 class=\"wp-block-heading\">Was ist eine posttraumatische Belastungsst\u00f6rung (PTBS)?<\/h2>\n\n\n\n<p><strong>Posttraumatische Belastungsst\u00f6rung (PTBS)<\/strong> ist eine psychische Erkrankung, die bei manchen Menschen auftritt, die ein traumatisches, schockierendes, be\u00e4ngstigendes oder gef\u00e4hrliches Ereignis gesehen oder erlebt haben.<\/p>\n\n\n\n<p>Wenn Sie in ein weit verbreitetes, bedrohliches traumatisches Ereignis verwickelt waren oder es miterlebt haben, kann es sein, dass Sie anschlie\u00dfend Gef\u00fchle tiefer Verzweiflung, Depression, Verwirrung und Verwirrung versp\u00fcren. Das Bewusstsein f\u00fcr das Gef\u00fchl der Not entsteht m\u00f6glicherweise nicht sofort. Zun\u00e4chst versp\u00fcrt eine Person ein Gef\u00fchl emotionaler Taubheit.<\/p>\n\n\n\n<p>Nach einiger Zeit kommt es zu emotionalen und k\u00f6rperlichen Reaktionen wie erh\u00f6hter Angst, erh\u00f6hter Erregbarkeit und Schlaflosigkeit.<\/p>\n\n\n\n<p>Bei fast jedem treten nach einer Verletzung unterschiedliche Reaktionen auf, die meisten Menschen erholen sich jedoch auf nat\u00fcrliche Weise von den Anfangsstadien der Symptome.<\/p>\n\n\n\n<p>Die meisten Menschen entwickeln keine PTBS.<\/p>\n\n\n\n<h2 class=\"wp-block-heading\">Anzeichen und Symptome einer PTBS<\/h2>\n\n\n\n<p>Nicht jeder psychisch traumatisierte Mensch entwickelt eine langfristige (chronische) oder sogar kurzfristige (akute) PTBS.<\/p>\n\n\n\n<p>Die Symptome beginnen normalerweise fr\u00fch, innerhalb von drei Monaten nach dem traumatischen Ereignis, manchmal treten sie jedoch auch viele Jahre sp\u00e4ter auf.<\/p>\n\n\n\n<p>Die Diagnose einer PTSD bei einem Erwachsenen wird gestellt, wenn die Symptome seit mindestens einem Monat bestehen:<\/p>\n\n\n\n<ul class=\"wp-block-list\">\n<li>Wiederholen eines Ereignisses<\/li>\n\n\n\n<li>Vermeidungssymptom<\/li>\n\n\n\n<li>Unruhe und erh\u00f6hte Reaktivit\u00e4t<\/li>\n\n\n\n<li>Wahrnehmungsst\u00f6rungen und Stimmungsschwankungen<\/li>\n<\/ul>\n\n\n\n<p><strong>1. Wiederholen Sie das Ereignis:<\/strong><\/p>\n\n\n\n<p>Flashbacks sind anhaltende, unfreiwillige Wiederholungen des Traumas, das Auftreten k\u00f6rperlicher Symptome wie Herzrasen oder Schwitzen.<\/p>\n\n\n\n<p>Schlafst\u00f6rungen.<\/p>\n\n\n\n<p>Erschreckende Gedanken.<\/p>\n\n\n\n<p><strong>2. Zu den Vermeidungssymptomen geh\u00f6ren:<\/strong><\/p>\n\n\n\n<ul class=\"wp-block-list\">\n<li>Vermeidung von Situationen, Orten, Ereignissen oder Gegenst\u00e4nden, die an das traumatische Erlebnis erinnern.<\/li>\n\n\n\n<li>Emotionale Taubheit.<\/li>\n\n\n\n<li>Extreme Schuldgef\u00fchle, Depressionen oder Angstgef\u00fchle<\/li>\n\n\n\n<li>Verlust des Interesses an Aktivit\u00e4ten, die zuvor Spa\u00df gemacht haben.<\/li>\n\n\n\n<li>Ich habe ein Problem damit, mich an ein gef\u00e4hrliches Ereignis zu erinnern.<\/li>\n<\/ul>\n\n\n\n<figure class=\"wp-block-image size-full is-resized\"><img loading=\"lazy\" decoding=\"async\" width=\"441\" height=\"245\" src=\"https:\/\/tanjaleben.com\/wp-content\/uploads\/2024\/05\/image-1.jpg\" alt=\"\" class=\"wp-image-404\" style=\"width:746px;height:auto\" srcset=\"https:\/\/tanjaleben.com\/wp-content\/uploads\/2024\/05\/image-1.jpg 441w, https:\/\/tanjaleben.com\/wp-content\/uploads\/2024\/05\/image-1-300x167.jpg 300w\" sizes=\"auto, (max-width: 441px) 100vw, 441px\" \/><\/figure>\n\n\n\n<p><strong>3. Erh\u00f6hte Erregbarkeit und Reaktivit\u00e4t:<\/strong><\/p>\n\n\n\n<ul class=\"wp-block-list\">\n<li>Hohes Ma\u00df an \u00c4ngsten und \u00c4ngsten<\/li>\n\n\n\n<li>Sich angespannt f\u00fchlen oder &#038; ldquo; am Rande &#038; Rdquo;<\/li>\n\n\n\n<li>Habe Probleme mit dem Schlafen<\/li>\n\n\n\n<li>Wutausbr\u00fcche<\/li>\n<\/ul>\n\n\n\n<figure class=\"wp-block-image size-full\"><img loading=\"lazy\" decoding=\"async\" width=\"567\" height=\"426\" src=\"https:\/\/tanjaleben.com\/wp-content\/uploads\/2024\/05\/1465636626.jpg\" alt=\"\" class=\"wp-image-406\" srcset=\"https:\/\/tanjaleben.com\/wp-content\/uploads\/2024\/05\/1465636626.jpg 567w, https:\/\/tanjaleben.com\/wp-content\/uploads\/2024\/05\/1465636626-300x225.jpg 300w\" sizes=\"auto, (max-width: 567px) 100vw, 567px\" \/><\/figure>\n\n\n\n<p><strong>4. Wahrnehmungsst\u00f6rungen und Stimmungsschwankungen:<\/strong><\/p>\n\n\n\n<ul class=\"wp-block-list\">\n<li>Das Problem, sich an die wichtigsten Anzeichen eines traumatischen Ereignisses zu erinnern, sind Konzentrationsst\u00f6rungen<\/li>\n\n\n\n<li>Negative Gedanken \u00fcber sich selbst und die Welt<\/li>\n\n\n\n<li>Verzerrte Gef\u00fchle von Schuld oder Verurteilung<\/li>\n\n\n\n<li>Verlust des Interesses an Aktivit\u00e4ten, die zuvor Spa\u00df gemacht haben.<\/li>\n<\/ul>\n\n\n\n<h2 class=\"wp-block-heading\"><strong>Reagieren Kinder anders als Erwachsene?<\/strong><\/h2>\n\n\n\n<p>Kinder und Jugendliche k\u00f6nnen auf Traumata extrem reagieren, ihre Symptome unterscheiden sich jedoch von denen Erwachsener. Bei sehr kleinen Kindern (unter 6 Jahren) k\u00f6nnen folgende Symptome auftreten:<\/p>\n\n\n\n<ul class=\"wp-block-list\">\n<li>Urinieren im Bett ohne Toilettentraining<\/li>\n\n\n\n<li>Kinder k\u00f6nnen nicht sprechen<\/li>\n\n\n\n<li>Sie spielen w\u00e4hrend des Spiels ein gruseliges Ereignis nach<\/li>\n\n\n\n<li>Ist ungew\u00f6hnlich anh\u00e4nglich gegen\u00fcber einem Elternteil oder einem anderen Erwachsenen<\/li>\n<\/ul>\n\n\n\n<p>\u00c4ltere Kinder und Jugendliche zeigen h\u00e4ufiger \u00e4hnliche Symptome wie Erwachsene. Sie k\u00f6nnen st\u00f6rendes, respektloses oder sogar destruktives Verhalten an den Tag legen. \u00c4ltere Kinder und Jugendliche k\u00f6nnten ein schlechtes Gewissen haben, wenn sie es nicht tun<\/p>\n\n\n\n<figure class=\"wp-block-image size-full\"><img loading=\"lazy\" decoding=\"async\" width=\"341\" height=\"482\" src=\"https:\/\/tanjaleben.com\/wp-content\/uploads\/2024\/05\/image-2.jpg\" alt=\"\" class=\"wp-image-405\" style=\"object-fit:cover\" srcset=\"https:\/\/tanjaleben.com\/wp-content\/uploads\/2024\/05\/image-2.jpg 341w, https:\/\/tanjaleben.com\/wp-content\/uploads\/2024\/05\/image-2-212x300.jpg 212w\" sizes=\"auto, (max-width: 341px) 100vw, 341px\" \/><\/figure>\n","protected":false},"excerpt":{"rendered":"<p>Was ist eine posttraumatische Belastungsst\u00f6rung (PTBS)? Posttraumatische Belastungsst\u00f6rung (PTBS) ist eine psychische Erkrankung, die bei manchen Menschen auftritt, die ein traumatisches, schockierendes, be\u00e4ngstigendes oder gef\u00e4hrliches Ereignis gesehen oder erlebt haben. &hellip; <\/p>\n","protected":false},"author":1,"featured_media":0,"parent":0,"menu_order":0,"comment_status":"closed","ping_status":"closed","template":"","meta":{"footnotes":""},"class_list":["post-402","page","type-page","status-publish","hentry","has-meta has-sticky-meta"],"yoast_head":"<!-- This site is optimized with the Yoast SEO plugin v25.4 - https:\/\/yoast.com\/wordpress\/plugins\/seo\/ -->\n<title>\u041f\u043e\u0441\u0442\u0442\u0440\u0430\u0432\u043c\u0430\u0442\u0438\u0447\u0435\u0441\u043a\u043e\u0435 \u0441\u0442\u0440\u0435\u0441\u0441\u043e\u0432\u043e\u0435 \u0440\u0430\u0441\u0441\u0442\u0440\u043e\u0439\u0441\u0442\u0432\u043e (\u041f\u0422\u0421\u0420) - Lebensberatung<\/title>\n<meta name=\"description\" content=\"Die posttraumatische Belastungsst\u00f6rung (PTBS). Was ist das? Anzeichen und Symptome. PTBS bei Erwachsenen und Kindern. Wie man damit umgeht.\" \/>\n<meta name=\"robots\" content=\"index, follow, max-snippet:-1, max-image-preview:large, max-video-preview:-1\" \/>\n<link rel=\"canonical\" href=\"https:\/\/tanjaleben.com\/de\/posttravmaticheskoe-stressovoe-rasstrojstvo-ptsr\/\" \/>\n<meta property=\"og:locale\" content=\"de_DE\" \/>\n<meta property=\"og:locale:alternate\" content=\"uk_UA\" \/>\n<meta property=\"og:locale:alternate\" content=\"en_US\" \/>\n<meta property=\"og:locale:alternate\" content=\"ru_RU\" \/>\n<meta property=\"og:type\" content=\"article\" \/>\n<meta property=\"og:title\" content=\"\u041f\u043e\u0441\u0442\u0442\u0440\u0430\u0432\u043c\u0430\u0442\u0438\u0447\u0435\u0441\u043a\u043e\u0435 \u0441\u0442\u0440\u0435\u0441\u0441\u043e\u0432\u043e\u0435 \u0440\u0430\u0441\u0441\u0442\u0440\u043e\u0439\u0441\u0442\u0432\u043e (\u041f\u0422\u0421\u0420)\" \/>\n<meta property=\"og:description\" content=\"\u041f\u043e\u0441\u0442\u0442\u0440\u0430\u0432\u043c\u0430\u0442\u0438\u0447\u043d\u0438\u0439 \u0441\u0442\u0440\u0435\u0441\u043e\u0432\u0438\u0439 \u0440\u043e\u0437\u043b\u0430\u0434 (\u041f\u0422\u0421\u0420). \u0429\u043e \u0446\u0435? \u041e\u0437\u043d\u0430\u043a\u0438 \u0442\u0430 \u0441\u0438\u043c\u043f\u0442\u043e\u043c\u0438. \u041f\u0422\u0421\u0420 \u0443 \u0434\u043e\u0440\u043e\u0441\u043b\u0438\u0445 \u0442\u0430 \u0434\u0456\u0442\u0435\u0439. \u042f\u043a \u0456\u0437 \u0446\u0438\u043c \u0431\u043e\u0440\u043e\u0442\u0438\u0441\u044f.\" \/>\n<meta property=\"og:url\" content=\"https:\/\/tanjaleben.com\/de\/posttravmaticheskoe-stressovoe-rasstrojstvo-ptsr\/\" \/>\n<meta property=\"og:site_name\" content=\"Lebensberatung\" \/>\n<meta property=\"article:modified_time\" content=\"2024-05-11T20:07:39+00:00\" \/>\n<meta property=\"og:image\" content=\"https:\/\/tanjaleben.com\/wp-content\/uploads\/2024\/05\/image.jpg\" \/>\n<meta name=\"twitter:card\" content=\"summary_large_image\" \/>\n<meta name=\"twitter:label1\" content=\"Gesch\u00e4tzte Lesezeit\" \/>\n\t<meta name=\"twitter:data1\" content=\"3\u00a0Minuten\" \/>\n<script type=\"application\/ld+json\" class=\"yoast-schema-graph\">{\"@context\":\"https:\/\/schema.org\",\"@graph\":[{\"@type\":\"WebPage\",\"@id\":\"https:\/\/tanjaleben.com\/ua\/posttravmaticheskoe-stressovoe-rasstrojstvo-ptsr\/\",\"url\":\"https:\/\/tanjaleben.com\/ua\/posttravmaticheskoe-stressovoe-rasstrojstvo-ptsr\/\",\"name\":\"\u041f\u043e\u0441\u0442\u0442\u0440\u0430\u0432\u043c\u0430\u0442\u0438\u0447\u0435\u0441\u043a\u043e\u0435 \u0441\u0442\u0440\u0435\u0441\u0441\u043e\u0432\u043e\u0435 \u0440\u0430\u0441\u0441\u0442\u0440\u043e\u0439\u0441\u0442\u0432\u043e (\u041f\u0422\u0421\u0420)\",\"isPartOf\":{\"@id\":\"https:\/\/tanjaleben.com\/#website\"},\"primaryImageOfPage\":{\"@id\":\"https:\/\/tanjaleben.com\/ua\/posttravmaticheskoe-stressovoe-rasstrojstvo-ptsr\/#primaryimage\"},\"image\":{\"@id\":\"https:\/\/tanjaleben.com\/ua\/posttravmaticheskoe-stressovoe-rasstrojstvo-ptsr\/#primaryimage\"},\"thumbnailUrl\":\"https:\/\/tanjaleben.com\/wp-content\/uploads\/2024\/05\/image.jpg\",\"datePublished\":\"2024-05-08T11:30:12+00:00\",\"dateModified\":\"2024-05-11T20:07:39+00:00\",\"description\":\"\u041f\u043e\u0441\u0442\u0442\u0440\u0430\u0432\u043c\u0430\u0442\u0438\u0447\u043d\u0438\u0439 \u0441\u0442\u0440\u0435\u0441\u043e\u0432\u0438\u0439 \u0440\u043e\u0437\u043b\u0430\u0434 (\u041f\u0422\u0421\u0420). \u0429\u043e \u0446\u0435? \u041e\u0437\u043d\u0430\u043a\u0438 \u0442\u0430 \u0441\u0438\u043c\u043f\u0442\u043e\u043c\u0438. \u041f\u0422\u0421\u0420 \u0443 \u0434\u043e\u0440\u043e\u0441\u043b\u0438\u0445 \u0442\u0430 \u0434\u0456\u0442\u0435\u0439. \u042f\u043a \u0456\u0437 \u0446\u0438\u043c \u0431\u043e\u0440\u043e\u0442\u0438\u0441\u044f.\",\"breadcrumb\":{\"@id\":\"https:\/\/tanjaleben.com\/ua\/posttravmaticheskoe-stressovoe-rasstrojstvo-ptsr\/#breadcrumb\"},\"inLanguage\":\"de-DE\",\"potentialAction\":[{\"@type\":\"ReadAction\",\"target\":[\"https:\/\/tanjaleben.com\/ua\/posttravmaticheskoe-stressovoe-rasstrojstvo-ptsr\/\"]}]},{\"@type\":\"ImageObject\",\"inLanguage\":\"de-DE\",\"@id\":\"https:\/\/tanjaleben.com\/ua\/posttravmaticheskoe-stressovoe-rasstrojstvo-ptsr\/#primaryimage\",\"url\":\"https:\/\/tanjaleben.com\/wp-content\/uploads\/2024\/05\/image.jpg\",\"contentUrl\":\"https:\/\/tanjaleben.com\/wp-content\/uploads\/2024\/05\/image.jpg\"},{\"@type\":\"BreadcrumbList\",\"@id\":\"https:\/\/tanjaleben.com\/ua\/posttravmaticheskoe-stressovoe-rasstrojstvo-ptsr\/#breadcrumb\",\"itemListElement\":[{\"@type\":\"ListItem\",\"position\":1,\"name\":\"\u0413\u043b\u0430\u0432\u043d\u0430\u044f \u0441\u0442\u0440\u0430\u043d\u0438\u0446\u0430\",\"item\":\"https:\/\/tanjaleben.com\/de\/\"},{\"@type\":\"ListItem\",\"position\":2,\"name\":\"\u041f\u043e\u0441\u0442\u0442\u0440\u0430\u0432\u043c\u0430\u0442\u0438\u0447\u043d\u0438\u0439 \u0441\u0442\u0440\u0435\u0441\u043e\u0432\u0438\u0439 \u0440\u043e\u0437\u043b\u0430\u0434 (\u041f\u0422\u0421\u0420)\"}]},{\"@type\":\"WebSite\",\"@id\":\"https:\/\/tanjaleben.com\/#website\",\"url\":\"https:\/\/tanjaleben.com\/\",\"name\":\"Lebensberatung\",\"description\":\"Besser werden!\",\"publisher\":{\"@id\":\"https:\/\/tanjaleben.com\/#organization\"},\"potentialAction\":[{\"@type\":\"SearchAction\",\"target\":{\"@type\":\"EntryPoint\",\"urlTemplate\":\"https:\/\/tanjaleben.com\/?s={search_term_string}\"},\"query-input\":{\"@type\":\"PropertyValueSpecification\",\"valueRequired\":true,\"valueName\":\"search_term_string\"}}],\"inLanguage\":\"de-DE\"},{\"@type\":\"Organization\",\"@id\":\"https:\/\/tanjaleben.com\/#organization\",\"name\":\"Lebensberatung\",\"url\":\"https:\/\/tanjaleben.com\/\",\"logo\":{\"@type\":\"ImageObject\",\"inLanguage\":\"de-DE\",\"@id\":\"https:\/\/tanjaleben.com\/#\/schema\/logo\/image\/\",\"url\":\"https:\/\/tanjaleben.com\/wp-content\/uploads\/2024\/05\/logo1.jpg\",\"contentUrl\":\"https:\/\/tanjaleben.com\/wp-content\/uploads\/2024\/05\/logo1.jpg\",\"width\":136,\"height\":141,\"caption\":\"Lebensberatung\"},\"image\":{\"@id\":\"https:\/\/tanjaleben.com\/#\/schema\/logo\/image\/\"}}]}<\/script>\n<!-- \/ Yoast SEO plugin. -->","yoast_head_json":{"title":"\u041f\u043e\u0441\u0442\u0442\u0440\u0430\u0432\u043c\u0430\u0442\u0438\u0447\u0435\u0441\u043a\u043e\u0435 \u0441\u0442\u0440\u0435\u0441\u0441\u043e\u0432\u043e\u0435 \u0440\u0430\u0441\u0441\u0442\u0440\u043e\u0439\u0441\u0442\u0432\u043e (\u041f\u0422\u0421\u0420) - Lebensberatung","description":"Die posttraumatische Belastungsst\u00f6rung (PTBS). Was ist das? Anzeichen und Symptome. PTBS bei Erwachsenen und Kindern. Wie man damit umgeht.","robots":{"index":"index","follow":"follow","max-snippet":"max-snippet:-1","max-image-preview":"max-image-preview:large","max-video-preview":"max-video-preview:-1"},"canonical":"https:\/\/tanjaleben.com\/de\/posttravmaticheskoe-stressovoe-rasstrojstvo-ptsr\/","og_locale":"de_DE","og_type":"article","og_title":"[:ua]\u041f\u043e\u0441\u0442\u0442\u0440\u0430\u0432\u043c\u0430\u0442\u0438\u0447\u043d\u0438\u0439 \u0441\u0442\u0440\u0435\u0441\u043e\u0432\u0438\u0439 \u0440\u043e\u0437\u043b\u0430\u0434 (\u041f\u0422\u0421\u0420)[:ru]\u041f\u043e\u0441\u0442\u0442\u0440\u0430\u0432\u043c\u0430\u0442\u0438\u0447\u0435\u0441\u043a\u043e\u0435 \u0441\u0442\u0440\u0435\u0441\u0441\u043e\u0432\u043e\u0435 \u0440\u0430\u0441\u0441\u0442\u0440\u043e\u0439\u0441\u0442\u0432\u043e (\u041f\u0422\u0421\u0420)[:] - Lebensberatung","og_description":"\u041f\u043e\u0441\u0442\u0442\u0440\u0430\u0432\u043c\u0430\u0442\u0438\u0447\u043d\u0438\u0439 \u0441\u0442\u0440\u0435\u0441\u043e\u0432\u0438\u0439 \u0440\u043e\u0437\u043b\u0430\u0434 (\u041f\u0422\u0421\u0420). \u0429\u043e \u0446\u0435? \u041e\u0437\u043d\u0430\u043a\u0438 \u0442\u0430 \u0441\u0438\u043c\u043f\u0442\u043e\u043c\u0438. \u041f\u0422\u0421\u0420 \u0443 \u0434\u043e\u0440\u043e\u0441\u043b\u0438\u0445 \u0442\u0430 \u0434\u0456\u0442\u0435\u0439. \u042f\u043a \u0456\u0437 \u0446\u0438\u043c \u0431\u043e\u0440\u043e\u0442\u0438\u0441\u044f.","og_url":"https:\/\/tanjaleben.com\/de\/posttravmaticheskoe-stressovoe-rasstrojstvo-ptsr\/","og_site_name":"Lebensberatung","article_modified_time":"2024-05-11T20:07:39+00:00","og_image":[{"url":"https:\/\/tanjaleben.com\/wp-content\/uploads\/2024\/05\/image.jpg","type":"","width":"","height":""}],"twitter_card":"summary_large_image","twitter_misc":{"Gesch\u00e4tzte Lesezeit":"3\u00a0Minuten"},"schema":{"@context":"https:\/\/schema.org","@graph":[{"@type":"WebPage","@id":"https:\/\/tanjaleben.com\/ua\/posttravmaticheskoe-stressovoe-rasstrojstvo-ptsr\/","url":"https:\/\/tanjaleben.com\/ua\/posttravmaticheskoe-stressovoe-rasstrojstvo-ptsr\/","name":"\u041f\u043e\u0441\u0442\u0442\u0440\u0430\u0432\u043c\u0430\u0442\u0438\u0447\u0435\u0441\u043a\u043e\u0435 \u0441\u0442\u0440\u0435\u0441\u0441\u043e\u0432\u043e\u0435 \u0440\u0430\u0441\u0441\u0442\u0440\u043e\u0439\u0441\u0442\u0432\u043e (\u041f\u0422\u0421\u0420)","isPartOf":{"@id":"https:\/\/tanjaleben.com\/#website"},"primaryImageOfPage":{"@id":"https:\/\/tanjaleben.com\/ua\/posttravmaticheskoe-stressovoe-rasstrojstvo-ptsr\/#primaryimage"},"image":{"@id":"https:\/\/tanjaleben.com\/ua\/posttravmaticheskoe-stressovoe-rasstrojstvo-ptsr\/#primaryimage"},"thumbnailUrl":"https:\/\/tanjaleben.com\/wp-content\/uploads\/2024\/05\/image.jpg","datePublished":"2024-05-08T11:30:12+00:00","dateModified":"2024-05-11T20:07:39+00:00","description":"\u041f\u043e\u0441\u0442\u0442\u0440\u0430\u0432\u043c\u0430\u0442\u0438\u0447\u043d\u0438\u0439 \u0441\u0442\u0440\u0435\u0441\u043e\u0432\u0438\u0439 \u0440\u043e\u0437\u043b\u0430\u0434 (\u041f\u0422\u0421\u0420). \u0429\u043e \u0446\u0435? \u041e\u0437\u043d\u0430\u043a\u0438 \u0442\u0430 \u0441\u0438\u043c\u043f\u0442\u043e\u043c\u0438. \u041f\u0422\u0421\u0420 \u0443 \u0434\u043e\u0440\u043e\u0441\u043b\u0438\u0445 \u0442\u0430 \u0434\u0456\u0442\u0435\u0439. \u042f\u043a \u0456\u0437 \u0446\u0438\u043c \u0431\u043e\u0440\u043e\u0442\u0438\u0441\u044f.","breadcrumb":{"@id":"https:\/\/tanjaleben.com\/ua\/posttravmaticheskoe-stressovoe-rasstrojstvo-ptsr\/#breadcrumb"},"inLanguage":"de-DE","potentialAction":[{"@type":"ReadAction","target":["https:\/\/tanjaleben.com\/ua\/posttravmaticheskoe-stressovoe-rasstrojstvo-ptsr\/"]}]},{"@type":"ImageObject","inLanguage":"de-DE","@id":"https:\/\/tanjaleben.com\/ua\/posttravmaticheskoe-stressovoe-rasstrojstvo-ptsr\/#primaryimage","url":"https:\/\/tanjaleben.com\/wp-content\/uploads\/2024\/05\/image.jpg","contentUrl":"https:\/\/tanjaleben.com\/wp-content\/uploads\/2024\/05\/image.jpg"},{"@type":"BreadcrumbList","@id":"https:\/\/tanjaleben.com\/ua\/posttravmaticheskoe-stressovoe-rasstrojstvo-ptsr\/#breadcrumb","itemListElement":[{"@type":"ListItem","position":1,"name":"\u0413\u043b\u0430\u0432\u043d\u0430\u044f \u0441\u0442\u0440\u0430\u043d\u0438\u0446\u0430","item":"https:\/\/tanjaleben.com\/de\/"},{"@type":"ListItem","position":2,"name":"\u041f\u043e\u0441\u0442\u0442\u0440\u0430\u0432\u043c\u0430\u0442\u0438\u0447\u043d\u0438\u0439 \u0441\u0442\u0440\u0435\u0441\u043e\u0432\u0438\u0439 \u0440\u043e\u0437\u043b\u0430\u0434 (\u041f\u0422\u0421\u0420)"}]},{"@type":"WebSite","@id":"https:\/\/tanjaleben.com\/#website","url":"https:\/\/tanjaleben.com\/","name":"Lebensberatung","description":"Besser werden!","publisher":{"@id":"https:\/\/tanjaleben.com\/#organization"},"potentialAction":[{"@type":"SearchAction","target":{"@type":"EntryPoint","urlTemplate":"https:\/\/tanjaleben.com\/?s={search_term_string}"},"query-input":{"@type":"PropertyValueSpecification","valueRequired":true,"valueName":"search_term_string"}}],"inLanguage":"de-DE"},{"@type":"Organization","@id":"https:\/\/tanjaleben.com\/#organization","name":"Lebensberatung","url":"https:\/\/tanjaleben.com\/","logo":{"@type":"ImageObject","inLanguage":"de-DE","@id":"https:\/\/tanjaleben.com\/#\/schema\/logo\/image\/","url":"https:\/\/tanjaleben.com\/wp-content\/uploads\/2024\/05\/logo1.jpg","contentUrl":"https:\/\/tanjaleben.com\/wp-content\/uploads\/2024\/05\/logo1.jpg","width":136,"height":141,"caption":"Lebensberatung"},"image":{"@id":"https:\/\/tanjaleben.com\/#\/schema\/logo\/image\/"}}]}},"_links":{"self":[{"href":"https:\/\/tanjaleben.com\/de\/wp-json\/wp\/v2\/pages\/402","targetHints":{"allow":["GET"]}}],"collection":[{"href":"https:\/\/tanjaleben.com\/de\/wp-json\/wp\/v2\/pages"}],"about":[{"href":"https:\/\/tanjaleben.com\/de\/wp-json\/wp\/v2\/types\/page"}],"author":[{"embeddable":true,"href":"https:\/\/tanjaleben.com\/de\/wp-json\/wp\/v2\/users\/1"}],"replies":[{"embeddable":true,"href":"https:\/\/tanjaleben.com\/de\/wp-json\/wp\/v2\/comments?post=402"}],"version-history":[{"count":10,"href":"https:\/\/tanjaleben.com\/de\/wp-json\/wp\/v2\/pages\/402\/revisions"}],"predecessor-version":[{"id":435,"href":"https:\/\/tanjaleben.com\/de\/wp-json\/wp\/v2\/pages\/402\/revisions\/435"}],"wp:attachment":[{"href":"https:\/\/tanjaleben.com\/de\/wp-json\/wp\/v2\/media?parent=402"}],"curies":[{"name":"wp","href":"https:\/\/api.w.org\/{rel}","templated":true}]}}