{"id":69,"date":"2022-10-09T08:16:59","date_gmt":"2022-10-09T08:16:59","guid":{"rendered":"https:\/\/tanjaleben.com\/?page_id=69"},"modified":"2024-04-30T20:25:10","modified_gmt":"2024-04-30T20:25:10","slug":"konsultaczii-po-zhiznennym-voprosam","status":"publish","type":"page","link":"https:\/\/tanjaleben.com\/de\/konsultaczii-po-zhiznennym-voprosam\/","title":{"rendered":"\u041a\u043e\u043d\u0441\u0443\u043b\u044c\u0442\u0430\u0446\u0438\u0438 \u043f\u043e \u0436\u0438\u0437\u043d\u0435\u043d\u043d\u044b\u043c \u0432\u043e\u043f\u0440\u043e\u0441\u0430\u043c"},"content":{"rendered":"\n<h2 class=\"wp-block-heading\">Sei der Funke, der den Raum erhellt&#8230;<\/h2>\n\n\n\n<p>Frauen zu bef\u00e4higen, mit feuriger Leidenschaft, unb\u00e4ndigem Selbstvertrauen und aufsehenerregendem Stil einen positiven Einfluss auf die Welt zu nehmen.<\/p>\n\n\n\n<p>Wussten Sie, dass ein Mensch zwei Leben hat?<br>Die zweite beginnt, wenn du erkennst, dass du nur ein Leben hast.<br>Ein solches Verst\u00e4ndnis entsteht am h\u00e4ufigsten in Momenten verschiedener Krisen, scharfer Wendungen im Leben. Es stellt sich heraus, dass es mit bestimmten F\u00e4higkeiten m\u00f6glich ist<br>nicht in einen Graben fliegen, sondern sanft wenden.<br>Meine Mission ist es, Sie durch die Wendungen des Lebens zu begleiten, Sie zu inspirieren, Sie mit diesem einen Leben zu verf\u00fchren, das mit der Entschl\u00fcsselung der Geheimnisse des Universums, einer aufregenden Reise oder einem Hauch frischer Luft verglichen werden kann.<br>Ich meine nicht die Nachahmung, in der die Mehrheit lebt.<br>Wovon rede ich?<br>Wie kann man verstehen, wie erf\u00fcllt das Leben ist, das man lebt?<br>Ich lade Sie ein, Ihre Hand auf Ihr Herz zu legen und ein paar Fragen zu beantworten.<\/p>\n\n\n\n<p>Wie oft f\u00fchlst du dich gl\u00fccklich?<br>Magst du deinen Job, deine Familie, deine Freunde?<br>L\u00e4sst du dich t\u00e4uschen?<br>Wie oft und wie lange sind Sie krank und warum?<br>Schl\u00e4fst du gut?<br>Wie oft \u00fcberpr\u00fcfen Sie Ihren Lebensstil und Ihre Gewohnheiten?<br>Was macht dir Spa\u00df und wann hat es dir das letzte Mal Spa\u00df gemacht?<br>Wie viel Leben steckt in deinem Leben? Wie ist Ihre Work-Life-Balance?<br>K\u00f6nnen Sie h\u00f6ren und wie oft h\u00f6ren Sie auf sich selbst und nicht nur auf Ihren Verstand?<\/p>\n\n\n\n<p>Als Arzt m\u00f6chte ich Sie daran erinnern, dass unsere Gesundheit gem\u00e4\u00df den offiziellen Daten der Weltgesundheitsorganisation von Folgendem abh\u00e4ngt:<\/p>\n\n\n\n<p>20 % &#8211; aus der Umwelt<br>18-20% &#8211; aus genetischer Veranlagung<br>8-10% &#8211; aus dem Gesundheitswesen<br>zu 50-55% ist es der Lebensstil und die Gewohnheiten<\/p>\n\n\n\n<p>Wir sind nicht in der Lage, das genetische Programm zu \u00e4ndern. Hier ist die Neigung \u2026<br>Dies ist genau derselbe Schl\u00fcssel im Schl\u00fcsselloch, den wir drehen und den Prozess starten k\u00f6nnen \u2026 oder wir k\u00f6nnen nicht drehen.<br>Hast du auf 50-55% geachtet? Mehr als die H\u00e4lfte.<br>Und das liegt in unseren H\u00e4nden.<br>Gemeinsam werden wir in der Lage sein, die Ursachen Ihres Problems zu verstehen, Ihre Vorstellungen \u00fcber die Art der Krankheit und die Methoden ihrer Behandlung zu \u00fcberdenken und dies als ein Problem zu behandeln, das gel\u00f6st werden kann.<br>Krisen, Krankheiten, Probleme \u2013 all das ist eine Folge unserer Lebensgeschichte, unserer Wahrnehmung der Welt und uns selbst darin.<br>Ich selbst habe immer wieder verschiedene Lebenskrisen erlebt und durchlebt. Daher wei\u00df ich, dass Ver\u00e4nderungen m\u00f6glich sind, egal was in der Au\u00dfenwelt passiert, und sie beginnen im Inneren.<br>Schlie\u00dflich werden sie von der wichtigsten Person in Ihrem Leben ins Leben gerufen \u2013 von Ihnen selbst.<br>Ja, ich m\u00f6chte sagen, dass wir am direktesten daran beteiligt sind, oft unbewusst. Unsere Probleme und unsere Krankheiten sind das Ergebnis unserer eigenen Lebensweise, unseres Denkens und unserer Weltanschauung.<br>Was wollen sie uns sagen? Welche Aufgaben sollen sie in unserem Leben l\u00f6sen?<br>Was lernen wir aus Krankheiten oder oft wiederholten Geschichten?<br>Bist du bereit f\u00fcr diese Wendung?<br>Meine Arbeit handelt davon. Ich helfe Ihnen zu verstehen, was die sich immer wieder wiederholende Geschichte Sie lehren m\u00f6chte, WARUM ist die Krankheit in Ihrem Leben aufgetreten, was hat sie verursacht, welche Aufgaben l\u00f6st sie f\u00fcr Sie? Was teilen Sie der Welt in der Sprache der Krankheit oder des Symptoms mit, und wie kann es auf andere Weise geschehen?<br>Ich spreche nicht von der rationalen Version, obwohl sie auch wichtig ist, sondern von den zugrunde liegenden Ursachen, Nutzen und Leiden.<br>Aber in all dem steckt viel \u2026 Schmerz.<br>Es kommt oft vor, dass nach der Bearbeitung dieser Probleme die Symptome ganz verschwinden und eine schwere Krankheit einen milderen Verlauf nimmt. Oder sich von Ihnen verabschieden, weil Sie f\u00fcr die Krankheit nicht mehr interessant sind. Und viele Probleme l\u00f6sen sich wie von selbst.<br>Ich bin bereit, Sie auf den scharfen Wendungen des Lebens zu begleiten, wenn Sie sich entscheiden, ehrlich tief in sich selbst zu schauen, sich Ihren \u00c4ngsten zu stellen, das Steuer selbst in die Hand zu nehmen und den Kurs zu \u00e4ndern.<br>Sie werden f\u00fcr das Leben interessant sein. Du lernst, dir das SEIN zu erlauben und das Leben zu genie\u00dfen.<br>Gemeinsam erschaffen wir eine solche Lebens-, Weltanschauung, Denk- und Gef\u00fchlswelt, in der Krankheit einfach keinen Platz hat.<br>Oder ziemlich viel, f\u00fcr die Selbstentwicklung oder den Selbstausdruck in Form Ihrer Kreativit\u00e4t.<br>Ich glaube, du kannst etwas tun und\u2026 dich vom Leben verf\u00fchren lassen, gl\u00fccklicher werden.<br>Und in diesem Zustand zu bleiben, er\u00f6ffnet neue Perspektiven.<\/p>\n","protected":false},"excerpt":{"rendered":"<p>Sei der Funke, der den Raum erhellt&#8230; Frauen zu bef\u00e4higen, mit feuriger Leidenschaft, unb\u00e4ndigem Selbstvertrauen und aufsehenerregendem Stil einen positiven Einfluss auf die Welt zu nehmen. Wussten Sie, dass ein &hellip; <\/p>\n","protected":false},"author":1,"featured_media":0,"parent":0,"menu_order":0,"comment_status":"closed","ping_status":"closed","template":"","meta":{"footnotes":""},"class_list":["post-69","page","type-page","status-publish","hentry","has-meta has-sticky-meta"],"yoast_head":"<!-- This site is optimized with the Yoast SEO plugin v25.4 - https:\/\/yoast.com\/wordpress\/plugins\/seo\/ -->\n<title>\u041a\u043e\u043d\u0441\u0443\u043b\u044c\u0442\u0430\u0446\u0438\u0438 \u043f\u043e \u0436\u0438\u0437\u043d\u0435\u043d\u043d\u044b\u043c \u0432\u043e\u043f\u0440\u043e\u0441\u0430\u043c - Lebensberatung<\/title>\n<meta name=\"description\" content=\"\" \/>\n<meta name=\"robots\" content=\"index, follow, max-snippet:-1, max-image-preview:large, max-video-preview:-1\" \/>\n<link rel=\"canonical\" href=\"https:\/\/tanjaleben.com\/de\/konsultaczii-po-zhiznennym-voprosam\/\" \/>\n<meta property=\"og:locale\" content=\"de_DE\" \/>\n<meta property=\"og:locale:alternate\" content=\"uk_UA\" \/>\n<meta property=\"og:locale:alternate\" content=\"en_US\" \/>\n<meta property=\"og:locale:alternate\" content=\"ru_RU\" \/>\n<meta property=\"og:type\" content=\"article\" \/>\n<meta property=\"og:title\" content=\"\u041a\u043e\u043d\u0441\u0443\u043b\u044c\u0442\u0430\u0446\u0438\u0438 \u043f\u043e \u0436\u0438\u0437\u043d\u0435\u043d\u043d\u044b\u043c \u0432\u043e\u043f\u0440\u043e\u0441\u0430\u043c\" \/>\n<meta property=\"og:description\" content=\"\" \/>\n<meta property=\"og:url\" content=\"https:\/\/tanjaleben.com\/de\/konsultaczii-po-zhiznennym-voprosam\/\" \/>\n<meta property=\"og:site_name\" content=\"Lebensberatung\" \/>\n<meta property=\"article:modified_time\" content=\"2024-04-30T20:25:10+00:00\" \/>\n<meta name=\"twitter:card\" content=\"summary_large_image\" \/>\n<meta name=\"twitter:label1\" content=\"Gesch\u00e4tzte Lesezeit\" \/>\n\t<meta name=\"twitter:data1\" content=\"3\u00a0Minuten\" \/>\n<script type=\"application\/ld+json\" class=\"yoast-schema-graph\">{\"@context\":\"https:\/\/schema.org\",\"@graph\":[{\"@type\":\"WebPage\",\"@id\":\"https:\/\/tanjaleben.com\/ua\/konsultaczii-po-zhiznennym-voprosam\/\",\"url\":\"https:\/\/tanjaleben.com\/ua\/konsultaczii-po-zhiznennym-voprosam\/\",\"name\":\"\u041a\u043e\u043d\u0441\u0443\u043b\u044c\u0442\u0430\u0446\u0438\u0438 \u043f\u043e \u0436\u0438\u0437\u043d\u0435\u043d\u043d\u044b\u043c \u0432\u043e\u043f\u0440\u043e\u0441\u0430\u043c\",\"isPartOf\":{\"@id\":\"https:\/\/tanjaleben.com\/#website\"},\"datePublished\":\"2022-10-09T08:16:59+00:00\",\"dateModified\":\"2024-04-30T20:25:10+00:00\",\"description\":\"\",\"breadcrumb\":{\"@id\":\"https:\/\/tanjaleben.com\/ua\/konsultaczii-po-zhiznennym-voprosam\/#breadcrumb\"},\"inLanguage\":\"de-DE\",\"potentialAction\":[{\"@type\":\"ReadAction\",\"target\":[\"https:\/\/tanjaleben.com\/ua\/konsultaczii-po-zhiznennym-voprosam\/\"]}]},{\"@type\":\"BreadcrumbList\",\"@id\":\"https:\/\/tanjaleben.com\/ua\/konsultaczii-po-zhiznennym-voprosam\/#breadcrumb\",\"itemListElement\":[{\"@type\":\"ListItem\",\"position\":1,\"name\":\"\u0413\u043b\u0430\u0432\u043d\u0430\u044f \u0441\u0442\u0440\u0430\u043d\u0438\u0446\u0430\",\"item\":\"https:\/\/tanjaleben.com\/de\/\"},{\"@type\":\"ListItem\",\"position\":2,\"name\":\"\u041a\u043e\u043d\u0441\u0443\u043b\u044c\u0442\u0430\u0446\u0456\u0457 \u0437 \u0436\u0438\u0442\u0442\u0454\u0432\u0438\u0445 \u043f\u0438\u0442\u0430\u043d\u044c\"}]},{\"@type\":\"WebSite\",\"@id\":\"https:\/\/tanjaleben.com\/#website\",\"url\":\"https:\/\/tanjaleben.com\/\",\"name\":\"Lebensberatung\",\"description\":\"Besser werden!\",\"publisher\":{\"@id\":\"https:\/\/tanjaleben.com\/#organization\"},\"potentialAction\":[{\"@type\":\"SearchAction\",\"target\":{\"@type\":\"EntryPoint\",\"urlTemplate\":\"https:\/\/tanjaleben.com\/?s={search_term_string}\"},\"query-input\":{\"@type\":\"PropertyValueSpecification\",\"valueRequired\":true,\"valueName\":\"search_term_string\"}}],\"inLanguage\":\"de-DE\"},{\"@type\":\"Organization\",\"@id\":\"https:\/\/tanjaleben.com\/#organization\",\"name\":\"Lebensberatung\",\"url\":\"https:\/\/tanjaleben.com\/\",\"logo\":{\"@type\":\"ImageObject\",\"inLanguage\":\"de-DE\",\"@id\":\"https:\/\/tanjaleben.com\/#\/schema\/logo\/image\/\",\"url\":\"https:\/\/tanjaleben.com\/wp-content\/uploads\/2024\/05\/logo1.jpg\",\"contentUrl\":\"https:\/\/tanjaleben.com\/wp-content\/uploads\/2024\/05\/logo1.jpg\",\"width\":136,\"height\":141,\"caption\":\"Lebensberatung\"},\"image\":{\"@id\":\"https:\/\/tanjaleben.com\/#\/schema\/logo\/image\/\"}}]}<\/script>\n<!-- \/ Yoast SEO plugin. -->","yoast_head_json":{"title":"\u041a\u043e\u043d\u0441\u0443\u043b\u044c\u0442\u0430\u0446\u0438\u0438 \u043f\u043e \u0436\u0438\u0437\u043d\u0435\u043d\u043d\u044b\u043c \u0432\u043e\u043f\u0440\u043e\u0441\u0430\u043c - Lebensberatung","description":"[:ua]\u041a\u043e\u043d\u0441\u0443\u043b\u044c\u0442\u0430\u0446\u0456\u0457 \u0437 \u0436\u0438\u0442\u0442\u0454\u0432\u0438\u0445 \u043f\u0438\u0442\u0430\u043d\u044c - \u044f\u043a \u0437\u0440\u043e\u0437\u0443\u043c\u0456\u0442\u0438 \u043d\u0430\u0441\u043a\u0456\u043b\u044c\u043a\u0438 \u043f\u043e\u0432\u043d\u0438\u043c \u0436\u0438\u0442\u0442\u044f\u043c \u0432\u0438 \u0436\u0438\u0432\u0435\u0442\u0435? \u0412\u0438 \u043d\u0430\u0432\u0447\u0438\u0442\u0435\u0441\u044c \u0434\u043e\u0437\u0432\u043e\u043b\u044f\u0442\u0438 \u0441\u043e\u0431\u0456 \u0411\u0423\u0422\u0418 \u0456 \u043d\u0430\u0441\u043e\u043b\u043e\u0434\u0436\u0443\u0432\u0430\u0442\u0438\u0441\u044f \u0436\u0438\u0442\u0442\u044f\u043c.[:]","robots":{"index":"index","follow":"follow","max-snippet":"max-snippet:-1","max-image-preview":"max-image-preview:large","max-video-preview":"max-video-preview:-1"},"canonical":"https:\/\/tanjaleben.com\/de\/konsultaczii-po-zhiznennym-voprosam\/","og_locale":"de_DE","og_type":"article","og_title":"[:ua]\u041a\u043e\u043d\u0441\u0443\u043b\u044c\u0442\u0430\u0446\u0456\u0457 \u0437 \u0436\u0438\u0442\u0442\u0454\u0432\u0438\u0445 \u043f\u0438\u0442\u0430\u043d\u044c[:ru]\u041a\u043e\u043d\u0441\u0443\u043b\u044c\u0442\u0430\u0446\u0438\u0438 \u043f\u043e \u0436\u0438\u0437\u043d\u0435\u043d\u043d\u044b\u043c \u0432\u043e\u043f\u0440\u043e\u0441\u0430\u043c[:] - Lebensberatung","og_description":"[:ua]\u041a\u043e\u043d\u0441\u0443\u043b\u044c\u0442\u0430\u0446\u0456\u0457 \u0437 \u0436\u0438\u0442\u0442\u0454\u0432\u0438\u0445 \u043f\u0438\u0442\u0430\u043d\u044c - \u044f\u043a \u0437\u0440\u043e\u0437\u0443\u043c\u0456\u0442\u0438 \u043d\u0430\u0441\u043a\u0456\u043b\u044c\u043a\u0438 \u043f\u043e\u0432\u043d\u0438\u043c \u0436\u0438\u0442\u0442\u044f\u043c \u0432\u0438 \u0436\u0438\u0432\u0435\u0442\u0435? \u0412\u0438 \u043d\u0430\u0432\u0447\u0438\u0442\u0435\u0441\u044c \u0434\u043e\u0437\u0432\u043e\u043b\u044f\u0442\u0438 \u0441\u043e\u0431\u0456 \u0411\u0423\u0422\u0418 \u0456 \u043d\u0430\u0441\u043e\u043b\u043e\u0434\u0436\u0443\u0432\u0430\u0442\u0438\u0441\u044f \u0436\u0438\u0442\u0442\u044f\u043c.[:]","og_url":"https:\/\/tanjaleben.com\/de\/konsultaczii-po-zhiznennym-voprosam\/","og_site_name":"Lebensberatung","article_modified_time":"2024-04-30T20:25:10+00:00","twitter_card":"summary_large_image","twitter_misc":{"Gesch\u00e4tzte Lesezeit":"3\u00a0Minuten"},"schema":{"@context":"https:\/\/schema.org","@graph":[{"@type":"WebPage","@id":"https:\/\/tanjaleben.com\/ua\/konsultaczii-po-zhiznennym-voprosam\/","url":"https:\/\/tanjaleben.com\/ua\/konsultaczii-po-zhiznennym-voprosam\/","name":"\u041a\u043e\u043d\u0441\u0443\u043b\u044c\u0442\u0430\u0446\u0438\u0438 \u043f\u043e \u0436\u0438\u0437\u043d\u0435\u043d\u043d\u044b\u043c \u0432\u043e\u043f\u0440\u043e\u0441\u0430\u043c","isPartOf":{"@id":"https:\/\/tanjaleben.com\/#website"},"datePublished":"2022-10-09T08:16:59+00:00","dateModified":"2024-04-30T20:25:10+00:00","description":"","breadcrumb":{"@id":"https:\/\/tanjaleben.com\/ua\/konsultaczii-po-zhiznennym-voprosam\/#breadcrumb"},"inLanguage":"de-DE","potentialAction":[{"@type":"ReadAction","target":["https:\/\/tanjaleben.com\/ua\/konsultaczii-po-zhiznennym-voprosam\/"]}]},{"@type":"BreadcrumbList","@id":"https:\/\/tanjaleben.com\/ua\/konsultaczii-po-zhiznennym-voprosam\/#breadcrumb","itemListElement":[{"@type":"ListItem","position":1,"name":"\u0413\u043b\u0430\u0432\u043d\u0430\u044f \u0441\u0442\u0440\u0430\u043d\u0438\u0446\u0430","item":"https:\/\/tanjaleben.com\/de\/"},{"@type":"ListItem","position":2,"name":"\u041a\u043e\u043d\u0441\u0443\u043b\u044c\u0442\u0430\u0446\u0456\u0457 \u0437 \u0436\u0438\u0442\u0442\u0454\u0432\u0438\u0445 \u043f\u0438\u0442\u0430\u043d\u044c"}]},{"@type":"WebSite","@id":"https:\/\/tanjaleben.com\/#website","url":"https:\/\/tanjaleben.com\/","name":"Lebensberatung","description":"Besser werden!","publisher":{"@id":"https:\/\/tanjaleben.com\/#organization"},"potentialAction":[{"@type":"SearchAction","target":{"@type":"EntryPoint","urlTemplate":"https:\/\/tanjaleben.com\/?s={search_term_string}"},"query-input":{"@type":"PropertyValueSpecification","valueRequired":true,"valueName":"search_term_string"}}],"inLanguage":"de-DE"},{"@type":"Organization","@id":"https:\/\/tanjaleben.com\/#organization","name":"Lebensberatung","url":"https:\/\/tanjaleben.com\/","logo":{"@type":"ImageObject","inLanguage":"de-DE","@id":"https:\/\/tanjaleben.com\/#\/schema\/logo\/image\/","url":"https:\/\/tanjaleben.com\/wp-content\/uploads\/2024\/05\/logo1.jpg","contentUrl":"https:\/\/tanjaleben.com\/wp-content\/uploads\/2024\/05\/logo1.jpg","width":136,"height":141,"caption":"Lebensberatung"},"image":{"@id":"https:\/\/tanjaleben.com\/#\/schema\/logo\/image\/"}}]}},"_links":{"self":[{"href":"https:\/\/tanjaleben.com\/de\/wp-json\/wp\/v2\/pages\/69","targetHints":{"allow":["GET"]}}],"collection":[{"href":"https:\/\/tanjaleben.com\/de\/wp-json\/wp\/v2\/pages"}],"about":[{"href":"https:\/\/tanjaleben.com\/de\/wp-json\/wp\/v2\/types\/page"}],"author":[{"embeddable":true,"href":"https:\/\/tanjaleben.com\/de\/wp-json\/wp\/v2\/users\/1"}],"replies":[{"embeddable":true,"href":"https:\/\/tanjaleben.com\/de\/wp-json\/wp\/v2\/comments?post=69"}],"version-history":[{"count":8,"href":"https:\/\/tanjaleben.com\/de\/wp-json\/wp\/v2\/pages\/69\/revisions"}],"predecessor-version":[{"id":356,"href":"https:\/\/tanjaleben.com\/de\/wp-json\/wp\/v2\/pages\/69\/revisions\/356"}],"wp:attachment":[{"href":"https:\/\/tanjaleben.com\/de\/wp-json\/wp\/v2\/media?parent=69"}],"curies":[{"name":"wp","href":"https:\/\/api.w.org\/{rel}","templated":true}]}}