{"id":73,"date":"2022-10-09T08:18:18","date_gmt":"2022-10-09T08:18:18","guid":{"rendered":"https:\/\/tanjaleben.com\/?page_id=73"},"modified":"2024-05-02T19:16:12","modified_gmt":"2024-05-02T19:16:12","slug":"tajskaya-joga-reusi-dat-ton","status":"publish","type":"page","link":"https:\/\/tanjaleben.com\/de\/tajskaya-joga-reusi-dat-ton\/","title":{"rendered":"\u0422\u0430\u0439\u0441\u043a\u0430\u044f \u0439\u043e\u0433\u0430 Reusi Dat Ton"},"content":{"rendered":"\n<p>Geschichte des Thai Yoga Reusi Dat Ton<\/p>\n\n\n\n<p>Reusi Dat Ton ist ein wesentlicher Bestandteil der thail\u00e4ndischen Medizin, die mit verschiedenen Symptomen, Energie und mentalen Ungleichgewichten arbeitet.<br>Reusi Dat Ton (RDT) ist ein wenig bekannter Aspekt der traditionellen thail\u00e4ndischen Kultur.<\/p>\n\n\n\n<p>Reusi Dat Ton ist eine thail\u00e4ndische Heiltradition.<br>&#8222;Reusi&#8220; &#8211; asketischer Yogi oder Einsiedler.<br>&#8222;Dat&#8220; &#8211; dehnen. &#8222;Ton&#8220; &#8211; Sie selbst.<\/p>\n\n\n\n<p>Die Reusi waren die Bewahrer und Praktiker verschiedener alter K\u00fcnste und Wissenschaften wie Tantra, Yoga, Naturheilkunde, Alchemie, Musik, Mathematik, Astrologie, Handlesen usw. Thai Reusi haben Analoga in vielen alten Kulturen, zum Beispiel Siddhas in Indien, Yogis in Nepal und Tibet, Unsterbliche in China.<br>Innerhalb Thailands gibt es verschiedene Reisi-Traditionen.<\/p>\n\n\n\n<p>Ein typisches Reusi Dat Ton Programm beginnt mit Atem\u00fcbungen und Selbstmassage, gefolgt von dynamischen \u00dcbungen und Haltungen mit Elementen der Akupressur und endet mit Visualisierungen, Mantras und Meditationen. Die Texte beschreiben nicht nur die Techniken, sondern auch die therapeutische Wirkung f\u00fcr jede Haltung oder \u00dcbung.<\/p>\n\n\n\n<p>Reusi Dat Ton \u00dcbungen und K\u00f6rperhaltungen reichen von einfachen Dehn\u00fcbungen, die fast jeder ausf\u00fchren kann, bis hin zu sehr fortgeschrittenen K\u00f6rperhaltungen, die ein Meister nach jahrelanger \u00dcbung ausf\u00fchren kann. Dies f\u00fchrt zu einer umfassenden Erholung des K\u00f6rpers, l\u00f6st Muskelverspannungen, verbessert die Durchblutung, st\u00e4rkt das Immunsystem und Sie sp\u00fcren das Gleichgewicht von K\u00f6rper, Geist und Seele sowie Kraft und Energie.<\/p>\n\n\n\n<p>Eine sehr allgemeine Bedeutung von Atemtechniken ist die Konzentration des Geistes und die Selbstbeobachtung (Introspektion), die f\u00fcr diese uralte Praxis von zentraler Bedeutung sind.<\/p>\n\n\n\n<p>Racey Dat Ton ist nicht nur eine Reihe von \u00dcbungen, die unseren K\u00f6rper in guter Verfassung halten. Vielmehr ist es eine Disziplin, die uns hilft, tief zu verstehen und zu f\u00fchlen, wie unser K\u00f6rper funktioniert und seine st\u00e4ndigen Ver\u00e4nderungen zu verfolgen, indem wir unseren K\u00f6rper als ein subtiles dynamisches System und nicht als etwas Statisches verstehen.<\/p>\n\n\n\n<p>Heute ist Reusi Dat Ton durch eine Vielzahl von Verzerrungen gef\u00e4hrdet, da die meisten Lehrer und Sch\u00fcler keinen Zugang zu Prim\u00e4rquellen und Originalmanuskripten und Reusi selbst haben.<\/p>\n\n\n\n<p>Daher sollte man nach Lehrern suchen, die Reusi Dat Ton-Sch\u00fcler mit Wissen aus authentischen Quellen unterrichten, die echte Reusi-Techniken in ihrer authentischen Form lehren k\u00f6nnen. Insofern habe ich Gl\u00fcck.<\/p>\n\n\n\n<p>Es war m\u00f6glich, solche Lehrer zu treffen. Mit Dankbarkeit an meine Lehrer Danko Lara Radic (Serbien) Aleksander Skvara (Schweden)<\/p>\n","protected":false},"excerpt":{"rendered":"<p>Geschichte des Thai Yoga Reusi Dat Ton Reusi Dat Ton ist ein wesentlicher Bestandteil der thail\u00e4ndischen Medizin, die mit verschiedenen Symptomen, Energie und mentalen Ungleichgewichten arbeitet.Reusi Dat Ton (RDT) ist &hellip; <\/p>\n","protected":false},"author":1,"featured_media":0,"parent":0,"menu_order":0,"comment_status":"closed","ping_status":"closed","template":"","meta":{"footnotes":""},"class_list":["post-73","page","type-page","status-publish","hentry","has-meta has-sticky-meta"],"yoast_head":"<!-- This site is optimized with the Yoast SEO plugin v25.4 - https:\/\/yoast.com\/wordpress\/plugins\/seo\/ -->\n<title>\u0422\u0430\u0439\u0441\u043a\u0430\u044f \u0439\u043e\u0433\u0430 Reusi Dat Ton - Lebensberatung<\/title>\n<meta name=\"description\" content=\"Reusi Dat Ton \u044f\u0432\u043b\u044f\u0435\u0442\u0441\u044f \u0441\u0443\u0449\u043d\u043e\u0441\u0442\u043d\u043e\u0439 \u0447\u0430\u0441\u0442\u044c\u044e \u0422\u0430\u0439\u0441\u043a\u043e\u0439 \u043c\u0435\u0434\u0438\u0446\u0438\u043d\u044b, \u043a\u043e\u0442\u043e\u0440\u0430\u044f \u0440\u0430\u0431\u043e\u0442\u0430\u0435\u0442 \u0441 \u0440\u0430\u0437\u043d\u044b\u043c\u0438 \u0441\u0438\u043c\u043f\u0442\u043e\u043c\u0430\u043c\u0438, \u044d\u043d\u0435\u0440\u0433\u0435\u0442\u0438\u0447\u0435\u0441\u043a\u0438\u043c \u0438 \u043c\u0435\u043d\u0442\u0430\u043b\u044c\u043d\u044b\u043c \u0434\u0438\u0441\u0431\u0430\u043b\u0430\u043d\u0441\u043e\u043c.\" \/>\n<meta name=\"robots\" content=\"index, follow, max-snippet:-1, max-image-preview:large, max-video-preview:-1\" \/>\n<link rel=\"canonical\" href=\"https:\/\/tanjaleben.com\/de\/tajskaya-joga-reusi-dat-ton\/\" \/>\n<meta property=\"og:locale\" content=\"de_DE\" \/>\n<meta property=\"og:locale:alternate\" content=\"uk_UA\" \/>\n<meta property=\"og:locale:alternate\" content=\"en_US\" \/>\n<meta property=\"og:locale:alternate\" content=\"ru_RU\" \/>\n<meta property=\"og:type\" content=\"article\" \/>\n<meta property=\"og:title\" content=\"\u0422\u0430\u0439\u0441\u043a\u0430\u044f \u0439\u043e\u0433\u0430 Reusi Dat Ton\" \/>\n<meta property=\"og:description\" content=\"Reusi Dat Ton \u044f\u0432\u043b\u044f\u0435\u0442\u0441\u044f \u0441\u0443\u0449\u043d\u043e\u0441\u0442\u043d\u043e\u0439 \u0447\u0430\u0441\u0442\u044c\u044e \u0422\u0430\u0439\u0441\u043a\u043e\u0439 \u043c\u0435\u0434\u0438\u0446\u0438\u043d\u044b, \u043a\u043e\u0442\u043e\u0440\u0430\u044f \u0440\u0430\u0431\u043e\u0442\u0430\u0435\u0442 \u0441 \u0440\u0430\u0437\u043d\u044b\u043c\u0438 \u0441\u0438\u043c\u043f\u0442\u043e\u043c\u0430\u043c\u0438, \u044d\u043d\u0435\u0440\u0433\u0435\u0442\u0438\u0447\u0435\u0441\u043a\u0438\u043c \u0438 \u043c\u0435\u043d\u0442\u0430\u043b\u044c\u043d\u044b\u043c \u0434\u0438\u0441\u0431\u0430\u043b\u0430\u043d\u0441\u043e\u043c.\" \/>\n<meta property=\"og:url\" content=\"https:\/\/tanjaleben.com\/de\/tajskaya-joga-reusi-dat-ton\/\" \/>\n<meta property=\"og:site_name\" content=\"Lebensberatung\" \/>\n<meta property=\"article:modified_time\" content=\"2024-05-02T19:16:12+00:00\" \/>\n<meta property=\"og:image\" content=\"https:\/\/tanjaleben.com\/wp-content\/uploads\/2024\/04\/image.jpg\" \/>\n<meta name=\"twitter:card\" content=\"summary_large_image\" \/>\n<meta name=\"twitter:label1\" content=\"Gesch\u00e4tzte Lesezeit\" \/>\n\t<meta name=\"twitter:data1\" content=\"6\u00a0Minuten\" \/>\n<script type=\"application\/ld+json\" class=\"yoast-schema-graph\">{\"@context\":\"https:\/\/schema.org\",\"@graph\":[{\"@type\":\"WebPage\",\"@id\":\"https:\/\/tanjaleben.com\/tajskaya-joga-reusi-dat-ton\/\",\"url\":\"https:\/\/tanjaleben.com\/tajskaya-joga-reusi-dat-ton\/\",\"name\":\"\u0422\u0430\u0439\u0441\u043a\u0430\u044f \u0439\u043e\u0433\u0430 Reusi Dat Ton\",\"isPartOf\":{\"@id\":\"https:\/\/tanjaleben.com\/#website\"},\"primaryImageOfPage\":{\"@id\":\"https:\/\/tanjaleben.com\/tajskaya-joga-reusi-dat-ton\/#primaryimage\"},\"image\":{\"@id\":\"https:\/\/tanjaleben.com\/tajskaya-joga-reusi-dat-ton\/#primaryimage\"},\"thumbnailUrl\":\"https:\/\/tanjaleben.com\/wp-content\/uploads\/2024\/04\/image.jpg\",\"datePublished\":\"2022-10-09T08:18:18+00:00\",\"dateModified\":\"2024-05-02T19:16:12+00:00\",\"description\":\"Reusi Dat Ton \u044f\u0432\u043b\u044f\u0435\u0442\u0441\u044f \u0441\u0443\u0449\u043d\u043e\u0441\u0442\u043d\u043e\u0439 \u0447\u0430\u0441\u0442\u044c\u044e \u0422\u0430\u0439\u0441\u043a\u043e\u0439 \u043c\u0435\u0434\u0438\u0446\u0438\u043d\u044b, \u043a\u043e\u0442\u043e\u0440\u0430\u044f \u0440\u0430\u0431\u043e\u0442\u0430\u0435\u0442 \u0441 \u0440\u0430\u0437\u043d\u044b\u043c\u0438 \u0441\u0438\u043c\u043f\u0442\u043e\u043c\u0430\u043c\u0438, \u044d\u043d\u0435\u0440\u0433\u0435\u0442\u0438\u0447\u0435\u0441\u043a\u0438\u043c \u0438 \u043c\u0435\u043d\u0442\u0430\u043b\u044c\u043d\u044b\u043c \u0434\u0438\u0441\u0431\u0430\u043b\u0430\u043d\u0441\u043e\u043c.\",\"breadcrumb\":{\"@id\":\"https:\/\/tanjaleben.com\/tajskaya-joga-reusi-dat-ton\/#breadcrumb\"},\"inLanguage\":\"de-DE\",\"potentialAction\":[{\"@type\":\"ReadAction\",\"target\":[\"https:\/\/tanjaleben.com\/tajskaya-joga-reusi-dat-ton\/\"]}]},{\"@type\":\"ImageObject\",\"inLanguage\":\"de-DE\",\"@id\":\"https:\/\/tanjaleben.com\/tajskaya-joga-reusi-dat-ton\/#primaryimage\",\"url\":\"https:\/\/tanjaleben.com\/wp-content\/uploads\/2024\/04\/image.jpg\",\"contentUrl\":\"https:\/\/tanjaleben.com\/wp-content\/uploads\/2024\/04\/image.jpg\"},{\"@type\":\"BreadcrumbList\",\"@id\":\"https:\/\/tanjaleben.com\/tajskaya-joga-reusi-dat-ton\/#breadcrumb\",\"itemListElement\":[{\"@type\":\"ListItem\",\"position\":1,\"name\":\"\u0413\u043b\u0430\u0432\u043d\u0430\u044f \u0441\u0442\u0440\u0430\u043d\u0438\u0446\u0430\",\"item\":\"https:\/\/tanjaleben.com\/de\/\"},{\"@type\":\"ListItem\",\"position\":2,\"name\":\"\u0422\u0430\u0439\u0441\u043a\u0430\u044f \u0439\u043e\u0433\u0430 Reusi Dat Ton\"}]},{\"@type\":\"WebSite\",\"@id\":\"https:\/\/tanjaleben.com\/#website\",\"url\":\"https:\/\/tanjaleben.com\/\",\"name\":\"Lebensberatung\",\"description\":\"Besser werden!\",\"publisher\":{\"@id\":\"https:\/\/tanjaleben.com\/#organization\"},\"potentialAction\":[{\"@type\":\"SearchAction\",\"target\":{\"@type\":\"EntryPoint\",\"urlTemplate\":\"https:\/\/tanjaleben.com\/?s={search_term_string}\"},\"query-input\":{\"@type\":\"PropertyValueSpecification\",\"valueRequired\":true,\"valueName\":\"search_term_string\"}}],\"inLanguage\":\"de-DE\"},{\"@type\":\"Organization\",\"@id\":\"https:\/\/tanjaleben.com\/#organization\",\"name\":\"Lebensberatung\",\"url\":\"https:\/\/tanjaleben.com\/\",\"logo\":{\"@type\":\"ImageObject\",\"inLanguage\":\"de-DE\",\"@id\":\"https:\/\/tanjaleben.com\/#\/schema\/logo\/image\/\",\"url\":\"https:\/\/tanjaleben.com\/wp-content\/uploads\/2024\/05\/logo1.jpg\",\"contentUrl\":\"https:\/\/tanjaleben.com\/wp-content\/uploads\/2024\/05\/logo1.jpg\",\"width\":136,\"height\":141,\"caption\":\"Lebensberatung\"},\"image\":{\"@id\":\"https:\/\/tanjaleben.com\/#\/schema\/logo\/image\/\"}}]}<\/script>\n<!-- \/ Yoast SEO plugin. -->","yoast_head_json":{"title":"\u0422\u0430\u0439\u0441\u043a\u0430\u044f \u0439\u043e\u0433\u0430 Reusi Dat Ton - Lebensberatung","description":"Reusi Dat Ton \u044f\u0432\u043b\u044f\u0435\u0442\u0441\u044f \u0441\u0443\u0449\u043d\u043e\u0441\u0442\u043d\u043e\u0439 \u0447\u0430\u0441\u0442\u044c\u044e \u0422\u0430\u0439\u0441\u043a\u043e\u0439 \u043c\u0435\u0434\u0438\u0446\u0438\u043d\u044b, \u043a\u043e\u0442\u043e\u0440\u0430\u044f \u0440\u0430\u0431\u043e\u0442\u0430\u0435\u0442 \u0441 \u0440\u0430\u0437\u043d\u044b\u043c\u0438 \u0441\u0438\u043c\u043f\u0442\u043e\u043c\u0430\u043c\u0438, \u044d\u043d\u0435\u0440\u0433\u0435\u0442\u0438\u0447\u0435\u0441\u043a\u0438\u043c \u0438 \u043c\u0435\u043d\u0442\u0430\u043b\u044c\u043d\u044b\u043c \u0434\u0438\u0441\u0431\u0430\u043b\u0430\u043d\u0441\u043e\u043c.","robots":{"index":"index","follow":"follow","max-snippet":"max-snippet:-1","max-image-preview":"max-image-preview:large","max-video-preview":"max-video-preview:-1"},"canonical":"https:\/\/tanjaleben.com\/de\/tajskaya-joga-reusi-dat-ton\/","og_locale":"de_DE","og_type":"article","og_title":"[:ua]\u0422\u0430\u0439\u0441\u044c\u043a\u0430 \u0439\u043e\u0433\u0430 Reusi Dat Ton[:ru]\u0422\u0430\u0439\u0441\u043a\u0430\u044f \u0439\u043e\u0433\u0430 Reusi Dat Ton[:] - Lebensberatung","og_description":"[:ru]Reusi Dat Ton \u044f\u0432\u043b\u044f\u0435\u0442\u0441\u044f \u0441\u0443\u0449\u043d\u043e\u0441\u0442\u043d\u043e\u0439 \u0447\u0430\u0441\u0442\u044c\u044e \u0422\u0430\u0439\u0441\u043a\u043e\u0439 \u043c\u0435\u0434\u0438\u0446\u0438\u043d\u044b, \u043a\u043e\u0442\u043e\u0440\u0430\u044f \u0440\u0430\u0431\u043e\u0442\u0430\u0435\u0442 \u0441 \u0440\u0430\u0437\u043d\u044b\u043c\u0438 \u0441\u0438\u043c\u043f\u0442\u043e\u043c\u0430\u043c\u0438, \u044d\u043d\u0435\u0440\u0433\u0435\u0442\u0438\u0447\u0435\u0441\u043a\u0438\u043c \u0438 \u043c\u0435\u043d\u0442\u0430\u043b\u044c\u043d\u044b\u043c \u0434\u0438\u0441\u0431\u0430\u043b\u0430\u043d\u0441\u043e\u043c.[:]","og_url":"https:\/\/tanjaleben.com\/de\/tajskaya-joga-reusi-dat-ton\/","og_site_name":"Lebensberatung","article_modified_time":"2024-05-02T19:16:12+00:00","og_image":[{"url":"https:\/\/tanjaleben.com\/wp-content\/uploads\/2024\/04\/image.jpg","type":"","width":"","height":""}],"twitter_card":"summary_large_image","twitter_misc":{"Gesch\u00e4tzte Lesezeit":"6\u00a0Minuten"},"schema":{"@context":"https:\/\/schema.org","@graph":[{"@type":"WebPage","@id":"https:\/\/tanjaleben.com\/tajskaya-joga-reusi-dat-ton\/","url":"https:\/\/tanjaleben.com\/tajskaya-joga-reusi-dat-ton\/","name":"\u0422\u0430\u0439\u0441\u043a\u0430\u044f \u0439\u043e\u0433\u0430 Reusi Dat Ton","isPartOf":{"@id":"https:\/\/tanjaleben.com\/#website"},"primaryImageOfPage":{"@id":"https:\/\/tanjaleben.com\/tajskaya-joga-reusi-dat-ton\/#primaryimage"},"image":{"@id":"https:\/\/tanjaleben.com\/tajskaya-joga-reusi-dat-ton\/#primaryimage"},"thumbnailUrl":"https:\/\/tanjaleben.com\/wp-content\/uploads\/2024\/04\/image.jpg","datePublished":"2022-10-09T08:18:18+00:00","dateModified":"2024-05-02T19:16:12+00:00","description":"Reusi Dat Ton \u044f\u0432\u043b\u044f\u0435\u0442\u0441\u044f \u0441\u0443\u0449\u043d\u043e\u0441\u0442\u043d\u043e\u0439 \u0447\u0430\u0441\u0442\u044c\u044e \u0422\u0430\u0439\u0441\u043a\u043e\u0439 \u043c\u0435\u0434\u0438\u0446\u0438\u043d\u044b, \u043a\u043e\u0442\u043e\u0440\u0430\u044f \u0440\u0430\u0431\u043e\u0442\u0430\u0435\u0442 \u0441 \u0440\u0430\u0437\u043d\u044b\u043c\u0438 \u0441\u0438\u043c\u043f\u0442\u043e\u043c\u0430\u043c\u0438, \u044d\u043d\u0435\u0440\u0433\u0435\u0442\u0438\u0447\u0435\u0441\u043a\u0438\u043c \u0438 \u043c\u0435\u043d\u0442\u0430\u043b\u044c\u043d\u044b\u043c \u0434\u0438\u0441\u0431\u0430\u043b\u0430\u043d\u0441\u043e\u043c.","breadcrumb":{"@id":"https:\/\/tanjaleben.com\/tajskaya-joga-reusi-dat-ton\/#breadcrumb"},"inLanguage":"de-DE","potentialAction":[{"@type":"ReadAction","target":["https:\/\/tanjaleben.com\/tajskaya-joga-reusi-dat-ton\/"]}]},{"@type":"ImageObject","inLanguage":"de-DE","@id":"https:\/\/tanjaleben.com\/tajskaya-joga-reusi-dat-ton\/#primaryimage","url":"https:\/\/tanjaleben.com\/wp-content\/uploads\/2024\/04\/image.jpg","contentUrl":"https:\/\/tanjaleben.com\/wp-content\/uploads\/2024\/04\/image.jpg"},{"@type":"BreadcrumbList","@id":"https:\/\/tanjaleben.com\/tajskaya-joga-reusi-dat-ton\/#breadcrumb","itemListElement":[{"@type":"ListItem","position":1,"name":"\u0413\u043b\u0430\u0432\u043d\u0430\u044f \u0441\u0442\u0440\u0430\u043d\u0438\u0446\u0430","item":"https:\/\/tanjaleben.com\/de\/"},{"@type":"ListItem","position":2,"name":"\u0422\u0430\u0439\u0441\u043a\u0430\u044f \u0439\u043e\u0433\u0430 Reusi Dat Ton"}]},{"@type":"WebSite","@id":"https:\/\/tanjaleben.com\/#website","url":"https:\/\/tanjaleben.com\/","name":"Lebensberatung","description":"Besser werden!","publisher":{"@id":"https:\/\/tanjaleben.com\/#organization"},"potentialAction":[{"@type":"SearchAction","target":{"@type":"EntryPoint","urlTemplate":"https:\/\/tanjaleben.com\/?s={search_term_string}"},"query-input":{"@type":"PropertyValueSpecification","valueRequired":true,"valueName":"search_term_string"}}],"inLanguage":"de-DE"},{"@type":"Organization","@id":"https:\/\/tanjaleben.com\/#organization","name":"Lebensberatung","url":"https:\/\/tanjaleben.com\/","logo":{"@type":"ImageObject","inLanguage":"de-DE","@id":"https:\/\/tanjaleben.com\/#\/schema\/logo\/image\/","url":"https:\/\/tanjaleben.com\/wp-content\/uploads\/2024\/05\/logo1.jpg","contentUrl":"https:\/\/tanjaleben.com\/wp-content\/uploads\/2024\/05\/logo1.jpg","width":136,"height":141,"caption":"Lebensberatung"},"image":{"@id":"https:\/\/tanjaleben.com\/#\/schema\/logo\/image\/"}}]}},"_links":{"self":[{"href":"https:\/\/tanjaleben.com\/de\/wp-json\/wp\/v2\/pages\/73","targetHints":{"allow":["GET"]}}],"collection":[{"href":"https:\/\/tanjaleben.com\/de\/wp-json\/wp\/v2\/pages"}],"about":[{"href":"https:\/\/tanjaleben.com\/de\/wp-json\/wp\/v2\/types\/page"}],"author":[{"embeddable":true,"href":"https:\/\/tanjaleben.com\/de\/wp-json\/wp\/v2\/users\/1"}],"replies":[{"embeddable":true,"href":"https:\/\/tanjaleben.com\/de\/wp-json\/wp\/v2\/comments?post=73"}],"version-history":[{"count":10,"href":"https:\/\/tanjaleben.com\/de\/wp-json\/wp\/v2\/pages\/73\/revisions"}],"predecessor-version":[{"id":398,"href":"https:\/\/tanjaleben.com\/de\/wp-json\/wp\/v2\/pages\/73\/revisions\/398"}],"wp:attachment":[{"href":"https:\/\/tanjaleben.com\/de\/wp-json\/wp\/v2\/media?parent=73"}],"curies":[{"name":"wp","href":"https:\/\/api.w.org\/{rel}","templated":true}]}}