{"id":81,"date":"2022-10-09T08:20:05","date_gmt":"2022-10-09T08:20:05","guid":{"rendered":"https:\/\/tanjaleben.com\/?page_id=81"},"modified":"2025-07-09T22:17:30","modified_gmt":"2025-07-09T22:17:30","slug":"pro-mene-tanja-will","status":"publish","type":"page","link":"https:\/\/tanjaleben.com\/de\/pro-mene-tanja-will\/","title":{"rendered":"\u041e\u0431\u043e \u043c\u043d\u0435"},"content":{"rendered":"\n<figure class=\"wp-block-image size-full is-resized\"><img loading=\"lazy\" decoding=\"async\" width=\"429\" height=\"293\" src=\"https:\/\/tanjaleben.com\/wp-content\/uploads\/2025\/07\/zobrazhennya_viber_2025-06-10_20-19-25-454.png\" alt=\"\" class=\"wp-image-440\" style=\"width:620px\" srcset=\"https:\/\/tanjaleben.com\/wp-content\/uploads\/2025\/07\/zobrazhennya_viber_2025-06-10_20-19-25-454.png 429w, https:\/\/tanjaleben.com\/wp-content\/uploads\/2025\/07\/zobrazhennya_viber_2025-06-10_20-19-25-454-300x205.png 300w\" sizes=\"auto, (max-width: 429px) 100vw, 429px\" \/><figcaption class=\"wp-element-caption\">Tanja Will<\/figcaption><\/figure>\n\n\n\n<p>Ich freue mich, Sie begr\u00fc\u00dfen zu d\u00fcrfen!<br>Mein Name ist TANJA WILL<br>Grundausbildung &#8211; H\u00f6here medizinische Ausbildung &#8211; Ich bin Arzt (Praxis seit 1992)<br>Kreis meiner Interessen<\/p>\n\n\n\n<ul class=\"wp-block-list\">\n<li>Beratungspraxis in Lebensfragen seit 2004<\/li>\n\n\n\n<li>Spezialisierung in Thai-Massage (Berufserfahrung seit 2005)<\/li>\n\n\n\n<li>Thai-Selbstmassage &#8211; Yoga-Reusi Dat Ton.<\/li>\n<\/ul>\n\n\n\n<p>1982 &#8211; 1988:<br>Dnepropetrowsk Medizinisches Institut. Sie absolvierte die medizinische Fakult\u00e4t mit Spezialisierung auf chirurgische Erkrankungen.<\/p>\n\n\n\n<p>1992 &#8211; 1994:<br>Spezialisierung auf dem Gebiet der Dermato-Venerologie.<\/p>\n\n\n\n<p>1994 &#8211; 2004:<br>Privatklinik, Dermato-Venerologe<\/p>\n\n\n\n<p>2004 &#8211; 2008:<br>Privatpraxis<\/p>\n\n\n\n<p>2008:<br>Privatklinik, stellvertretender Direktor, Psychotherapeut<\/p>\n\n\n\n<p>2008 &#8211; 2011:<br>Privatpraxis<\/p>\n\n\n\n<p>2011 &#8211; 2012:<br>Privatklinik, Psychotherapeut, Facharzt f\u00fcr Essst\u00f6rungen<\/p>\n\n\n\n<p>2004 &#8211; 2009:<br>Spezialisierung in Psychotherapie &#8211; die Richtung der Gruppenpsychoanalyse<\/p>\n\n\n\n<p>seit 2004:<br>private psychotherapeutische Praxis<\/p>\n\n\n\n<p>seit 2005:<br>Privatpraxis f\u00fcr traditionelle thail\u00e4ndische Therapie<\/p>\n\n\n\n<hr class=\"wp-block-separator has-alpha-channel-opacity\"\/>\n\n\n\n<p>2005:<br>Internationale Schule f\u00fcr Psychotherapie f\u00fcr Kinder und Jugendliche. Deutschland, Ukraine Kiew. Zertifikat zur Weiterbildung in der Methode des Symboldramas von Kindern und Jugendlichen. Moderator &#8211; G\u00fcnther Horn, au\u00dferordentlicher Professor des Instituts f\u00fcr katatim-imaginative Psychotherapie (Deutschland), Sch\u00f6pfer des Symboldramas von Kindern und Jugendlichen, sowie Erica Horn (Deutschland). Ya. Obukhov, Moskau, Russland<\/p>\n\n\n\n<p>2005 &#8211; 2009:<br>Institut f\u00fcr Catatim-Imaginative Psychotherapie, Moskau. Pr\u00e4sident Ph.D. I. Obuchow. Spezialisierung in Psychotherapie &#8211; Regie &#8211; Symboldrama.<\/p>\n\n\n\n<p>2005:<br>Institut f\u00fcr Catatim-Imaginative Psychotherapie. Symboldrama. Hauptschritt. Intensiv.<\/p>\n\n\n\n<p>2007:<br>Institut f\u00fcr Catatimnoimaginative Psychotherapie Moskau. Fortgeschrittene Techniken. Assoziative Methode. Bescheinigung \u00fcber die Weiterbildung im Bereich Psychotherapie nach der Methode des Symboldramas<\/p>\n\n\n\n<p>2007 &#8211; 2008:<br>Institut f\u00fcr Catatim-Imaginative Psychotherapie, Moskau. Gruppensymbolik. Theorie und Praxis.<\/p>\n\n\n\n<p>2009:<br>Institut f\u00fcr Catatim-Imaginative Psychotherapie, Moskau. Lehre &#8211; Methoden der Analytischen Psychologie von C. G. Jung in Symboldrama.<\/p>\n\n\n\n<p>2010:<br>die fachlichen Qualifikationsvoraussetzungen nach den Ausbildungsstandards der European Association for Psychotherapy erf\u00fcllt hat. Eingetragen in das Register der Ukrainischen Union der Psychotherapeuten (USP). USP ist Vollmitglied der European Association for Psychotherapy.<\/p>\n\n\n\n<p>2012:<br>Kiewer Institut f\u00fcr moderne Psychologie und Psychotherapie. Bescheinigung \u00fcber die Teilnahme am Fortbildungsseminar &#8222;Essst\u00f6rungen. Magersucht und Bulimie.&#8220; Federf\u00fchrend Prof. Horst Kehchele und Prof. Anna Rose, Deutschland.<\/p>\n","protected":false},"excerpt":{"rendered":"<p>Ich freue mich, Sie begr\u00fc\u00dfen zu d\u00fcrfen!Mein Name ist TANJA WILLGrundausbildung &#8211; H\u00f6here medizinische Ausbildung &#8211; Ich bin Arzt (Praxis seit 1992)Kreis meiner Interessen 1982 &#8211; 1988:Dnepropetrowsk Medizinisches Institut. Sie &hellip; <\/p>\n","protected":false},"author":1,"featured_media":0,"parent":0,"menu_order":0,"comment_status":"closed","ping_status":"closed","template":"","meta":{"footnotes":""},"class_list":["post-81","page","type-page","status-publish","hentry","has-meta has-sticky-meta"],"yoast_head":"<!-- This site is optimized with the Yoast SEO plugin v25.4 - https:\/\/yoast.com\/wordpress\/plugins\/seo\/ -->\n<title>\u041e\u0431\u043e \u043c\u043d\u0435 - Lebensberatung<\/title>\n<meta name=\"description\" content=\"\" \/>\n<meta name=\"robots\" content=\"index, follow, max-snippet:-1, max-image-preview:large, max-video-preview:-1\" \/>\n<link rel=\"canonical\" href=\"https:\/\/tanjaleben.com\/de\/pro-mene-tanja-will\/\" \/>\n<meta property=\"og:locale\" content=\"de_DE\" \/>\n<meta property=\"og:locale:alternate\" content=\"uk_UA\" \/>\n<meta property=\"og:locale:alternate\" content=\"en_US\" \/>\n<meta property=\"og:locale:alternate\" content=\"ru_RU\" \/>\n<meta property=\"og:type\" content=\"article\" \/>\n<meta property=\"og:title\" content=\"\u041e\u0431\u043e \u043c\u043d\u0435\" \/>\n<meta property=\"og:description\" content=\"\" \/>\n<meta property=\"og:url\" content=\"https:\/\/tanjaleben.com\/de\/pro-mene-tanja-will\/\" \/>\n<meta property=\"og:site_name\" content=\"Lebensberatung\" \/>\n<meta property=\"article:modified_time\" content=\"2025-07-09T22:17:30+00:00\" \/>\n<meta property=\"og:image\" content=\"https:\/\/tanjaleben.com\/wp-content\/uploads\/2025\/07\/zobrazhennya_viber_2025-06-10_20-19-25-454.png\" \/>\n\t<meta property=\"og:image:width\" content=\"429\" \/>\n\t<meta property=\"og:image:height\" content=\"293\" \/>\n\t<meta property=\"og:image:type\" content=\"image\/png\" \/>\n<meta name=\"twitter:card\" content=\"summary_large_image\" \/>\n<meta name=\"twitter:label1\" content=\"Gesch\u00e4tzte Lesezeit\" \/>\n\t<meta name=\"twitter:data1\" content=\"2\u00a0Minuten\" \/>\n<script type=\"application\/ld+json\" class=\"yoast-schema-graph\">{\"@context\":\"https:\/\/schema.org\",\"@graph\":[{\"@type\":\"WebPage\",\"@id\":\"https:\/\/tanjaleben.com\/de\/pro-mene-tanja-will\/\",\"url\":\"https:\/\/tanjaleben.com\/de\/pro-mene-tanja-will\/\",\"name\":\"\u041e\u0431\u043e \u043c\u043d\u0435\",\"isPartOf\":{\"@id\":\"https:\/\/tanjaleben.com\/#website\"},\"primaryImageOfPage\":{\"@id\":\"https:\/\/tanjaleben.com\/de\/pro-mene-tanja-will\/#primaryimage\"},\"image\":{\"@id\":\"https:\/\/tanjaleben.com\/de\/pro-mene-tanja-will\/#primaryimage\"},\"thumbnailUrl\":\"https:\/\/tanjaleben.com\/wp-content\/uploads\/2025\/07\/zobrazhennya_viber_2025-06-10_20-19-25-454.png\",\"datePublished\":\"2022-10-09T08:20:05+00:00\",\"dateModified\":\"2025-07-09T22:17:30+00:00\",\"description\":\"\",\"breadcrumb\":{\"@id\":\"https:\/\/tanjaleben.com\/de\/pro-mene-tanja-will\/#breadcrumb\"},\"inLanguage\":\"de-DE\",\"potentialAction\":[{\"@type\":\"ReadAction\",\"target\":[\"https:\/\/tanjaleben.com\/de\/pro-mene-tanja-will\/\"]}]},{\"@type\":\"ImageObject\",\"inLanguage\":\"de-DE\",\"@id\":\"https:\/\/tanjaleben.com\/de\/pro-mene-tanja-will\/#primaryimage\",\"url\":\"https:\/\/tanjaleben.com\/wp-content\/uploads\/2025\/07\/zobrazhennya_viber_2025-06-10_20-19-25-454.png\",\"contentUrl\":\"https:\/\/tanjaleben.com\/wp-content\/uploads\/2025\/07\/zobrazhennya_viber_2025-06-10_20-19-25-454.png\"},{\"@type\":\"BreadcrumbList\",\"@id\":\"https:\/\/tanjaleben.com\/de\/pro-mene-tanja-will\/#breadcrumb\",\"itemListElement\":[{\"@type\":\"ListItem\",\"position\":1,\"name\":\"\u0413\u043b\u0430\u0432\u043d\u0430\u044f \u0441\u0442\u0440\u0430\u043d\u0438\u0446\u0430\",\"item\":\"https:\/\/tanjaleben.com\/de\/\"},{\"@type\":\"ListItem\",\"position\":2,\"name\":\"\u041e\u0431\u043e \u043c\u043d\u0435\"}]},{\"@type\":\"WebSite\",\"@id\":\"https:\/\/tanjaleben.com\/#website\",\"url\":\"https:\/\/tanjaleben.com\/\",\"name\":\"Lebensberatung\",\"description\":\"Besser werden!\",\"publisher\":{\"@id\":\"https:\/\/tanjaleben.com\/#organization\"},\"potentialAction\":[{\"@type\":\"SearchAction\",\"target\":{\"@type\":\"EntryPoint\",\"urlTemplate\":\"https:\/\/tanjaleben.com\/?s={search_term_string}\"},\"query-input\":{\"@type\":\"PropertyValueSpecification\",\"valueRequired\":true,\"valueName\":\"search_term_string\"}}],\"inLanguage\":\"de-DE\"},{\"@type\":\"Organization\",\"@id\":\"https:\/\/tanjaleben.com\/#organization\",\"name\":\"Lebensberatung\",\"url\":\"https:\/\/tanjaleben.com\/\",\"logo\":{\"@type\":\"ImageObject\",\"inLanguage\":\"de-DE\",\"@id\":\"https:\/\/tanjaleben.com\/#\/schema\/logo\/image\/\",\"url\":\"https:\/\/tanjaleben.com\/wp-content\/uploads\/2024\/05\/logo1.jpg\",\"contentUrl\":\"https:\/\/tanjaleben.com\/wp-content\/uploads\/2024\/05\/logo1.jpg\",\"width\":136,\"height\":141,\"caption\":\"Lebensberatung\"},\"image\":{\"@id\":\"https:\/\/tanjaleben.com\/#\/schema\/logo\/image\/\"}}]}<\/script>\n<!-- \/ Yoast SEO plugin. -->","yoast_head_json":{"title":"\u041e\u0431\u043e \u043c\u043d\u0435 - Lebensberatung","description":"[:ua]\u0422ANJA WILL - \u041a\u043e\u043d\u0441\u0443\u043b\u044c\u0442\u0430\u0442\u0438\u0432\u043d\u0430 \u043f\u0440\u0430\u043a\u0442\u0438\u043a\u0430 \u0437 \u0436\u0438\u0442\u0442\u0454\u0432\u0438\u0445 \u043f\u0438\u0442\u0430\u043d\u044c. \u0421\u043f\u0435\u0446\u0456\u0430\u043b\u0456\u0437\u0430\u0446\u0456\u044f \u0437 \u0422\u0430\u0439\u0441\u044c\u043a\u043e\u0433\u043e \u043c\u0430\u0441\u0430\u0436\u0443 \u0422\u0430\u0439\u0441\u044c\u043a\u0438\u0439 \u0441\u0430\u043c\u043e\u043c\u0430\u0441\u0430\u0436 \u2013 \u0439\u043e\u0433\u0430-Reusi Dat Ton.[:]","robots":{"index":"index","follow":"follow","max-snippet":"max-snippet:-1","max-image-preview":"max-image-preview:large","max-video-preview":"max-video-preview:-1"},"canonical":"https:\/\/tanjaleben.com\/de\/pro-mene-tanja-will\/","og_locale":"de_DE","og_type":"article","og_title":"[:ua]\u041f\u0440\u043e \u043c\u0435\u043d\u0435[:ru]\u041e\u0431\u043e \u043c\u043d\u0435[:] - Lebensberatung","og_description":"[:ua]\u0422ANJA WILL - \u041a\u043e\u043d\u0441\u0443\u043b\u044c\u0442\u0430\u0442\u0438\u0432\u043d\u0430 \u043f\u0440\u0430\u043a\u0442\u0438\u043a\u0430 \u0437 \u0436\u0438\u0442\u0442\u0454\u0432\u0438\u0445 \u043f\u0438\u0442\u0430\u043d\u044c. \u0421\u043f\u0435\u0446\u0456\u0430\u043b\u0456\u0437\u0430\u0446\u0456\u044f \u0437 \u0422\u0430\u0439\u0441\u044c\u043a\u043e\u0433\u043e \u043c\u0430\u0441\u0430\u0436\u0443 \u0422\u0430\u0439\u0441\u044c\u043a\u0438\u0439 \u0441\u0430\u043c\u043e\u043c\u0430\u0441\u0430\u0436 \u2013 \u0439\u043e\u0433\u0430-Reusi Dat Ton.[:]","og_url":"https:\/\/tanjaleben.com\/de\/pro-mene-tanja-will\/","og_site_name":"Lebensberatung","article_modified_time":"2025-07-09T22:17:30+00:00","og_image":[{"width":429,"height":293,"url":"https:\/\/tanjaleben.com\/wp-content\/uploads\/2025\/07\/zobrazhennya_viber_2025-06-10_20-19-25-454.png","type":"image\/png"}],"twitter_card":"summary_large_image","twitter_misc":{"Gesch\u00e4tzte Lesezeit":"2\u00a0Minuten"},"schema":{"@context":"https:\/\/schema.org","@graph":[{"@type":"WebPage","@id":"https:\/\/tanjaleben.com\/de\/pro-mene-tanja-will\/","url":"https:\/\/tanjaleben.com\/de\/pro-mene-tanja-will\/","name":"\u041e\u0431\u043e \u043c\u043d\u0435","isPartOf":{"@id":"https:\/\/tanjaleben.com\/#website"},"primaryImageOfPage":{"@id":"https:\/\/tanjaleben.com\/de\/pro-mene-tanja-will\/#primaryimage"},"image":{"@id":"https:\/\/tanjaleben.com\/de\/pro-mene-tanja-will\/#primaryimage"},"thumbnailUrl":"https:\/\/tanjaleben.com\/wp-content\/uploads\/2025\/07\/zobrazhennya_viber_2025-06-10_20-19-25-454.png","datePublished":"2022-10-09T08:20:05+00:00","dateModified":"2025-07-09T22:17:30+00:00","description":"","breadcrumb":{"@id":"https:\/\/tanjaleben.com\/de\/pro-mene-tanja-will\/#breadcrumb"},"inLanguage":"de-DE","potentialAction":[{"@type":"ReadAction","target":["https:\/\/tanjaleben.com\/de\/pro-mene-tanja-will\/"]}]},{"@type":"ImageObject","inLanguage":"de-DE","@id":"https:\/\/tanjaleben.com\/de\/pro-mene-tanja-will\/#primaryimage","url":"https:\/\/tanjaleben.com\/wp-content\/uploads\/2025\/07\/zobrazhennya_viber_2025-06-10_20-19-25-454.png","contentUrl":"https:\/\/tanjaleben.com\/wp-content\/uploads\/2025\/07\/zobrazhennya_viber_2025-06-10_20-19-25-454.png"},{"@type":"BreadcrumbList","@id":"https:\/\/tanjaleben.com\/de\/pro-mene-tanja-will\/#breadcrumb","itemListElement":[{"@type":"ListItem","position":1,"name":"\u0413\u043b\u0430\u0432\u043d\u0430\u044f \u0441\u0442\u0440\u0430\u043d\u0438\u0446\u0430","item":"https:\/\/tanjaleben.com\/de\/"},{"@type":"ListItem","position":2,"name":"\u041e\u0431\u043e \u043c\u043d\u0435"}]},{"@type":"WebSite","@id":"https:\/\/tanjaleben.com\/#website","url":"https:\/\/tanjaleben.com\/","name":"Lebensberatung","description":"Besser werden!","publisher":{"@id":"https:\/\/tanjaleben.com\/#organization"},"potentialAction":[{"@type":"SearchAction","target":{"@type":"EntryPoint","urlTemplate":"https:\/\/tanjaleben.com\/?s={search_term_string}"},"query-input":{"@type":"PropertyValueSpecification","valueRequired":true,"valueName":"search_term_string"}}],"inLanguage":"de-DE"},{"@type":"Organization","@id":"https:\/\/tanjaleben.com\/#organization","name":"Lebensberatung","url":"https:\/\/tanjaleben.com\/","logo":{"@type":"ImageObject","inLanguage":"de-DE","@id":"https:\/\/tanjaleben.com\/#\/schema\/logo\/image\/","url":"https:\/\/tanjaleben.com\/wp-content\/uploads\/2024\/05\/logo1.jpg","contentUrl":"https:\/\/tanjaleben.com\/wp-content\/uploads\/2024\/05\/logo1.jpg","width":136,"height":141,"caption":"Lebensberatung"},"image":{"@id":"https:\/\/tanjaleben.com\/#\/schema\/logo\/image\/"}}]}},"_links":{"self":[{"href":"https:\/\/tanjaleben.com\/de\/wp-json\/wp\/v2\/pages\/81","targetHints":{"allow":["GET"]}}],"collection":[{"href":"https:\/\/tanjaleben.com\/de\/wp-json\/wp\/v2\/pages"}],"about":[{"href":"https:\/\/tanjaleben.com\/de\/wp-json\/wp\/v2\/types\/page"}],"author":[{"embeddable":true,"href":"https:\/\/tanjaleben.com\/de\/wp-json\/wp\/v2\/users\/1"}],"replies":[{"embeddable":true,"href":"https:\/\/tanjaleben.com\/de\/wp-json\/wp\/v2\/comments?post=81"}],"version-history":[{"count":21,"href":"https:\/\/tanjaleben.com\/de\/wp-json\/wp\/v2\/pages\/81\/revisions"}],"predecessor-version":[{"id":443,"href":"https:\/\/tanjaleben.com\/de\/wp-json\/wp\/v2\/pages\/81\/revisions\/443"}],"wp:attachment":[{"href":"https:\/\/tanjaleben.com\/de\/wp-json\/wp\/v2\/media?parent=81"}],"curies":[{"name":"wp","href":"https:\/\/api.w.org\/{rel}","templated":true}]}}